{"id":82,"date":"2026-02-21T10:49:51","date_gmt":"2026-02-21T09:49:51","guid":{"rendered":"https:\/\/new.artenovum.pl\/index.php\/home-2\/"},"modified":"2026-05-07T09:43:41","modified_gmt":"2026-05-07T07:43:41","slug":"home-2","status":"publish","type":"page","link":"https:\/\/artenovum.pl\/","title":{"rendered":"Home"},"content":{"rendered":"\t\t<div data-elementor-type=\"wp-page\" data-elementor-id=\"82\" class=\"elementor elementor-82\" data-elementor-post-type=\"page\">\n\t\t\t\t<div class=\"elementor-element elementor-element-c8cca81 e-flex e-con-boxed e-con e-parent\" data-id=\"c8cca81\" data-element_type=\"container\" data-e-type=\"container\">\n\t\t\t\t\t<div class=\"e-con-inner\">\n\t\t<div class=\"elementor-element elementor-element-25f47a2 e-con-full e-flex e-con e-child\" data-id=\"25f47a2\" data-element_type=\"container\" data-e-type=\"container\">\n\t\t\t\t<div class=\"elementor-element elementor-element-fc1be2a elementor-widget elementor-widget-image\" data-id=\"fc1be2a\" data-element_type=\"widget\" data-e-type=\"widget\" data-widget_type=\"image.default\">\n\t\t\t\t\t\t\t\t\t\t\t\t\t\t\t<img fetchpriority=\"high\" decoding=\"async\" width=\"1757\" height=\"1318\" src=\"https:\/\/artenovum.pl\/wp-content\/uploads\/2026\/03\/1.png\" class=\"attachment-full size-full wp-image-734\" alt=\"\" srcset=\"https:\/\/artenovum.pl\/wp-content\/uploads\/2026\/03\/1.png 1757w, https:\/\/artenovum.pl\/wp-content\/uploads\/2026\/03\/1-300x225.png 300w, https:\/\/artenovum.pl\/wp-content\/uploads\/2026\/03\/1-1024x768.png 1024w, https:\/\/artenovum.pl\/wp-content\/uploads\/2026\/03\/1-768x576.png 768w, https:\/\/artenovum.pl\/wp-content\/uploads\/2026\/03\/1-1536x1152.png 1536w, https:\/\/artenovum.pl\/wp-content\/uploads\/2026\/03\/1-600x450.png 600w\" sizes=\"(max-width: 1757px) 100vw, 1757px\" \/>\t\t\t\t\t\t\t\t\t\t\t\t\t\t\t<\/div>\n\t\t\t\t<\/div>\n\t\t<div class=\"elementor-element elementor-element-2429e19 e-con-full e-flex e-con e-child\" data-id=\"2429e19\" data-element_type=\"container\" data-e-type=\"container\" data-settings=\"{&quot;background_background&quot;:&quot;classic&quot;}\">\n\t\t\t\t<div class=\"elementor-element elementor-element-eb1472e elementor-widget elementor-widget-heading\" data-id=\"eb1472e\" data-element_type=\"widget\" data-e-type=\"widget\" data-widget_type=\"heading.default\">\n\t\t\t\t\t<h2 class=\"elementor-heading-title elementor-size-default\">Dw\u00f3r Rey\u00f3w<\/h2>\t\t\t\t<\/div>\n\t\t\t\t<div class=\"elementor-element elementor-element-ac2d2f1 elementor-widget elementor-widget-spacer\" data-id=\"ac2d2f1\" data-element_type=\"widget\" data-e-type=\"widget\" data-widget_type=\"spacer.default\">\n\t\t\t\t\t\t\t<div class=\"elementor-spacer\">\n\t\t\t<div class=\"elementor-spacer-inner\"><\/div>\n\t\t<\/div>\n\t\t\t\t\t\t<\/div>\n\t\t\t\t<div class=\"elementor-element elementor-element-4fee9ff elementor-widget elementor-widget-heading\" data-id=\"4fee9ff\" data-element_type=\"widget\" data-e-type=\"widget\" data-widget_type=\"heading.default\">\n\t\t\t\t\t<h2 class=\"elementor-heading-title elementor-size-default\">w Sieciechowicach<\/h2>\t\t\t\t<\/div>\n\t\t\t\t<div class=\"elementor-element elementor-element-3b43600 elementor-widget elementor-widget-spacer\" data-id=\"3b43600\" data-element_type=\"widget\" data-e-type=\"widget\" data-widget_type=\"spacer.default\">\n\t\t\t\t\t\t\t<div class=\"elementor-spacer\">\n\t\t\t<div class=\"elementor-spacer-inner\"><\/div>\n\t\t<\/div>\n\t\t\t\t\t\t<\/div>\n\t\t\t\t<div class=\"elementor-element elementor-element-78f7a78 elementor-align-center elementor-widget elementor-widget-button\" data-id=\"78f7a78\" data-element_type=\"widget\" data-e-type=\"widget\" data-widget_type=\"button.default\">\n\t\t\t\t\t\t\t\t\t\t<a class=\"elementor-button elementor-button-link elementor-size-sm\" href=\"https:\/\/artenovum.pl\/index.php\/dwor-reyow\/\">\n\t\t\t\t\t\t<span class=\"elementor-button-content-wrapper\">\n\t\t\t\t\t\t\t\t\t<span class=\"elementor-button-text\">Zarezerwuj<\/span>\n\t\t\t\t\t<\/span>\n\t\t\t\t\t<\/a>\n\t\t\t\t\t\t\t\t<\/div>\n\t\t\t\t<\/div>\n\t\t\t\t\t<\/div>\n\t\t\t\t<\/div>\n\t\t<div class=\"elementor-element elementor-element-4ca3f04 e-flex e-con-boxed e-con e-parent\" data-id=\"4ca3f04\" data-element_type=\"container\" data-e-type=\"container\">\n\t\t\t\t\t<div class=\"e-con-inner\">\n\t\t\t\t<div class=\"elementor-element elementor-element-81855b3 elementor-widget elementor-widget-spacer\" data-id=\"81855b3\" data-element_type=\"widget\" data-e-type=\"widget\" data-widget_type=\"spacer.default\">\n\t\t\t\t\t\t\t<div class=\"elementor-spacer\">\n\t\t\t<div class=\"elementor-spacer-inner\"><\/div>\n\t\t<\/div>\n\t\t\t\t\t\t<\/div>\n\t\t\t\t\t<\/div>\n\t\t\t\t<\/div>\n\t\t<div class=\"elementor-element elementor-element-9d120eb animated-slow e-flex e-con-boxed elementor-invisible e-con e-parent\" data-id=\"9d120eb\" data-element_type=\"container\" data-e-type=\"container\" data-settings=\"{&quot;animation&quot;:&quot;fadeInUp&quot;}\">\n\t\t\t\t\t<div class=\"e-con-inner\">\n\t\t<div class=\"elementor-element elementor-element-79ca85f e-con-full e-flex e-con e-child\" data-id=\"79ca85f\" data-element_type=\"container\" data-e-type=\"container\">\n\t\t\t\t<div class=\"elementor-element elementor-element-e8e089d elementor-widget elementor-widget-image\" data-id=\"e8e089d\" data-element_type=\"widget\" data-e-type=\"widget\" data-widget_type=\"image.default\">\n\t\t\t\t\t\t\t\t\t\t\t\t\t\t\t<img decoding=\"async\" width=\"1757\" height=\"1318\" src=\"https:\/\/artenovum.pl\/wp-content\/uploads\/2026\/03\/2a.png\" class=\"attachment-full size-full wp-image-735\" alt=\"\" srcset=\"https:\/\/artenovum.pl\/wp-content\/uploads\/2026\/03\/2a.png 1757w, https:\/\/artenovum.pl\/wp-content\/uploads\/2026\/03\/2a-300x225.png 300w, https:\/\/artenovum.pl\/wp-content\/uploads\/2026\/03\/2a-1024x768.png 1024w, https:\/\/artenovum.pl\/wp-content\/uploads\/2026\/03\/2a-768x576.png 768w, https:\/\/artenovum.pl\/wp-content\/uploads\/2026\/03\/2a-1536x1152.png 1536w, https:\/\/artenovum.pl\/wp-content\/uploads\/2026\/03\/2a-600x450.png 600w\" sizes=\"(max-width: 1757px) 100vw, 1757px\" \/>\t\t\t\t\t\t\t\t\t\t\t\t\t\t\t<\/div>\n\t\t\t\t<\/div>\n\t\t<div class=\"elementor-element elementor-element-a21971d e-con-full e-flex e-con e-child\" data-id=\"a21971d\" data-element_type=\"container\" data-e-type=\"container\" data-settings=\"{&quot;background_background&quot;:&quot;classic&quot;}\">\n\t\t\t\t<div class=\"elementor-element elementor-element-8d3537d elementor-widget elementor-widget-heading\" data-id=\"8d3537d\" data-element_type=\"widget\" data-e-type=\"widget\" data-widget_type=\"heading.default\">\n\t\t\t\t\t<h2 class=\"elementor-heading-title elementor-size-default\">Leonardo cafe<\/h2>\t\t\t\t<\/div>\n\t\t\t\t<div class=\"elementor-element elementor-element-428334a elementor-widget elementor-widget-spacer\" data-id=\"428334a\" data-element_type=\"widget\" data-e-type=\"widget\" data-widget_type=\"spacer.default\">\n\t\t\t\t\t\t\t<div class=\"elementor-spacer\">\n\t\t\t<div class=\"elementor-spacer-inner\"><\/div>\n\t\t<\/div>\n\t\t\t\t\t\t<\/div>\n\t\t\t\t<div class=\"elementor-element elementor-element-441ca33 elementor-widget elementor-widget-heading\" data-id=\"441ca33\" data-element_type=\"widget\" data-e-type=\"widget\" data-widget_type=\"heading.default\">\n\t\t\t\t\t<h2 class=\"elementor-heading-title elementor-size-default\">Muzeum Ksi\u0105\u017c\u0105t Czartoryskich w Krakowie<\/h2>\t\t\t\t<\/div>\n\t\t\t\t<div class=\"elementor-element elementor-element-b3a1f31 elementor-widget elementor-widget-spacer\" data-id=\"b3a1f31\" data-element_type=\"widget\" data-e-type=\"widget\" data-widget_type=\"spacer.default\">\n\t\t\t\t\t\t\t<div class=\"elementor-spacer\">\n\t\t\t<div class=\"elementor-spacer-inner\"><\/div>\n\t\t<\/div>\n\t\t\t\t\t\t<\/div>\n\t\t\t\t<div class=\"elementor-element elementor-element-56fa29b elementor-align-center elementor-widget elementor-widget-button\" data-id=\"56fa29b\" data-element_type=\"widget\" data-e-type=\"widget\" data-widget_type=\"button.default\">\n\t\t\t\t\t\t\t\t\t\t<a class=\"elementor-button elementor-button-link elementor-size-sm\" href=\"https:\/\/artenovum.pl\/index.php\/leonardo-cafe\/\">\n\t\t\t\t\t\t<span class=\"elementor-button-content-wrapper\">\n\t\t\t\t\t\t\t\t\t<span class=\"elementor-button-text\">Zarezerwuj<\/span>\n\t\t\t\t\t<\/span>\n\t\t\t\t\t<\/a>\n\t\t\t\t\t\t\t\t<\/div>\n\t\t\t\t<\/div>\n\t\t\t\t\t<\/div>\n\t\t\t\t<\/div>\n\t\t<div class=\"elementor-element elementor-element-62bd12d e-flex e-con-boxed e-con e-parent\" data-id=\"62bd12d\" data-element_type=\"container\" data-e-type=\"container\">\n\t\t\t\t\t<div class=\"e-con-inner\">\n\t\t\t\t<div class=\"elementor-element elementor-element-8e87d52 elementor-widget elementor-widget-spacer\" data-id=\"8e87d52\" data-element_type=\"widget\" data-e-type=\"widget\" data-widget_type=\"spacer.default\">\n\t\t\t\t\t\t\t<div class=\"elementor-spacer\">\n\t\t\t<div class=\"elementor-spacer-inner\"><\/div>\n\t\t<\/div>\n\t\t\t\t\t\t<\/div>\n\t\t\t\t\t<\/div>\n\t\t\t\t<\/div>\n\t\t<div class=\"elementor-element elementor-element-08ca394 animated-slow e-flex e-con-boxed elementor-invisible e-con e-parent\" data-id=\"08ca394\" data-element_type=\"container\" data-e-type=\"container\" data-settings=\"{&quot;animation&quot;:&quot;fadeInUp&quot;}\">\n\t\t\t\t\t<div class=\"e-con-inner\">\n\t\t<div class=\"elementor-element elementor-element-e514f2e e-con-full e-flex e-con e-child\" data-id=\"e514f2e\" data-element_type=\"container\" data-e-type=\"container\">\n\t\t\t\t<div class=\"elementor-element elementor-element-e457f20 elementor-widget elementor-widget-image\" data-id=\"e457f20\" data-element_type=\"widget\" data-e-type=\"widget\" data-widget_type=\"image.default\">\n\t\t\t\t\t\t\t\t\t\t\t\t\t\t\t<img decoding=\"async\" width=\"1757\" height=\"1318\" src=\"https:\/\/artenovum.pl\/wp-content\/uploads\/2026\/03\/3.png\" class=\"attachment-full size-full wp-image-736\" alt=\"\" srcset=\"https:\/\/artenovum.pl\/wp-content\/uploads\/2026\/03\/3.png 1757w, https:\/\/artenovum.pl\/wp-content\/uploads\/2026\/03\/3-300x225.png 300w, https:\/\/artenovum.pl\/wp-content\/uploads\/2026\/03\/3-1024x768.png 1024w, https:\/\/artenovum.pl\/wp-content\/uploads\/2026\/03\/3-768x576.png 768w, https:\/\/artenovum.pl\/wp-content\/uploads\/2026\/03\/3-1536x1152.png 1536w, https:\/\/artenovum.pl\/wp-content\/uploads\/2026\/03\/3-600x450.png 600w\" sizes=\"(max-width: 1757px) 100vw, 1757px\" \/>\t\t\t\t\t\t\t\t\t\t\t\t\t\t\t<\/div>\n\t\t\t\t<\/div>\n\t\t<div class=\"elementor-element elementor-element-d84fd5a e-con-full e-flex e-con e-child\" data-id=\"d84fd5a\" data-element_type=\"container\" data-e-type=\"container\" data-settings=\"{&quot;background_background&quot;:&quot;classic&quot;}\">\n\t\t\t\t<div class=\"elementor-element elementor-element-310dbe8 elementor-widget elementor-widget-heading\" data-id=\"310dbe8\" data-element_type=\"widget\" data-e-type=\"widget\" data-widget_type=\"heading.default\">\n\t\t\t\t\t<h2 class=\"elementor-heading-title elementor-size-default\">Liberty cafe<\/h2>\t\t\t\t<\/div>\n\t\t\t\t<div class=\"elementor-element elementor-element-5b15023 elementor-widget elementor-widget-spacer\" data-id=\"5b15023\" data-element_type=\"widget\" data-e-type=\"widget\" data-widget_type=\"spacer.default\">\n\t\t\t\t\t\t\t<div class=\"elementor-spacer\">\n\t\t\t<div class=\"elementor-spacer-inner\"><\/div>\n\t\t<\/div>\n\t\t\t\t\t\t<\/div>\n\t\t\t\t<div class=\"elementor-element elementor-element-8d90d1c elementor-widget elementor-widget-heading\" data-id=\"8d90d1c\" data-element_type=\"widget\" data-e-type=\"widget\" data-widget_type=\"heading.default\">\n\t\t\t\t\t<h2 class=\"elementor-heading-title elementor-size-default\">Zwierzyniecka 27<\/h2>\t\t\t\t<\/div>\n\t\t\t\t<div class=\"elementor-element elementor-element-5e3d8d6 elementor-widget elementor-widget-spacer\" data-id=\"5e3d8d6\" data-element_type=\"widget\" data-e-type=\"widget\" data-widget_type=\"spacer.default\">\n\t\t\t\t\t\t\t<div class=\"elementor-spacer\">\n\t\t\t<div class=\"elementor-spacer-inner\"><\/div>\n\t\t<\/div>\n\t\t\t\t\t\t<\/div>\n\t\t\t\t<div class=\"elementor-element elementor-element-aa0ebdc elementor-align-center elementor-widget elementor-widget-button\" data-id=\"aa0ebdc\" data-element_type=\"widget\" data-e-type=\"widget\" data-widget_type=\"button.default\">\n\t\t\t\t\t\t\t\t\t\t<a class=\"elementor-button elementor-button-link elementor-size-sm\" href=\"https:\/\/artenovum.pl\/index.php\/liberty-cafe\/\">\n\t\t\t\t\t\t<span class=\"elementor-button-content-wrapper\">\n\t\t\t\t\t\t\t\t\t<span class=\"elementor-button-text\">Zarezerwuj<\/span>\n\t\t\t\t\t<\/span>\n\t\t\t\t\t<\/a>\n\t\t\t\t\t\t\t\t<\/div>\n\t\t\t\t<\/div>\n\t\t\t\t\t<\/div>\n\t\t\t\t<\/div>\n\t\t<div class=\"elementor-element elementor-element-f759269 e-flex e-con-boxed e-con e-parent\" data-id=\"f759269\" data-element_type=\"container\" data-e-type=\"container\">\n\t\t\t\t\t<div class=\"e-con-inner\">\n\t\t\t\t<div class=\"elementor-element elementor-element-415934b elementor-widget elementor-widget-spacer\" data-id=\"415934b\" data-element_type=\"widget\" data-e-type=\"widget\" data-widget_type=\"spacer.default\">\n\t\t\t\t\t\t\t<div class=\"elementor-spacer\">\n\t\t\t<div class=\"elementor-spacer-inner\"><\/div>\n\t\t<\/div>\n\t\t\t\t\t\t<\/div>\n\t\t\t\t\t<\/div>\n\t\t\t\t<\/div>\n\t\t<div class=\"elementor-element elementor-element-48ee6ce animated-slow e-flex e-con-boxed elementor-invisible e-con e-parent\" data-id=\"48ee6ce\" data-element_type=\"container\" data-e-type=\"container\" data-settings=\"{&quot;animation&quot;:&quot;fadeInUp&quot;}\">\n\t\t\t\t\t<div class=\"e-con-inner\">\n\t\t<div class=\"elementor-element elementor-element-5a9a997 e-con-full e-flex e-con e-child\" data-id=\"5a9a997\" data-element_type=\"container\" data-e-type=\"container\">\n\t\t\t\t<div class=\"elementor-element elementor-element-a87b4a4 elementor-widget elementor-widget-image\" data-id=\"a87b4a4\" data-element_type=\"widget\" data-e-type=\"widget\" data-widget_type=\"image.default\">\n\t\t\t\t\t\t\t\t\t\t\t\t\t\t\t<img loading=\"lazy\" decoding=\"async\" width=\"1757\" height=\"1318\" src=\"https:\/\/artenovum.pl\/wp-content\/uploads\/2026\/03\/4.png\" class=\"attachment-full size-full wp-image-737\" alt=\"\" srcset=\"https:\/\/artenovum.pl\/wp-content\/uploads\/2026\/03\/4.png 1757w, https:\/\/artenovum.pl\/wp-content\/uploads\/2026\/03\/4-300x225.png 300w, https:\/\/artenovum.pl\/wp-content\/uploads\/2026\/03\/4-1024x768.png 1024w, https:\/\/artenovum.pl\/wp-content\/uploads\/2026\/03\/4-768x576.png 768w, https:\/\/artenovum.pl\/wp-content\/uploads\/2026\/03\/4-1536x1152.png 1536w, https:\/\/artenovum.pl\/wp-content\/uploads\/2026\/03\/4-600x450.png 600w\" sizes=\"(max-width: 1757px) 100vw, 1757px\" \/>\t\t\t\t\t\t\t\t\t\t\t\t\t\t\t<\/div>\n\t\t\t\t<\/div>\n\t\t<div class=\"elementor-element elementor-element-a8c966c e-con-full e-flex e-con e-child\" data-id=\"a8c966c\" data-element_type=\"container\" data-e-type=\"container\" data-settings=\"{&quot;background_background&quot;:&quot;classic&quot;}\">\n\t\t\t\t<div class=\"elementor-element elementor-element-338a263 elementor-widget elementor-widget-heading\" data-id=\"338a263\" data-element_type=\"widget\" data-e-type=\"widget\" data-widget_type=\"heading.default\">\n\t\t\t\t\t<h2 class=\"elementor-heading-title elementor-size-default\">Muza Roof Bistro<\/h2>\t\t\t\t<\/div>\n\t\t\t\t<div class=\"elementor-element elementor-element-5ed94da elementor-widget elementor-widget-spacer\" data-id=\"5ed94da\" data-element_type=\"widget\" data-e-type=\"widget\" data-widget_type=\"spacer.default\">\n\t\t\t\t\t\t\t<div class=\"elementor-spacer\">\n\t\t\t<div class=\"elementor-spacer-inner\"><\/div>\n\t\t<\/div>\n\t\t\t\t\t\t<\/div>\n\t\t\t\t<div class=\"elementor-element elementor-element-68e7258 elementor-widget elementor-widget-heading\" data-id=\"68e7258\" data-element_type=\"widget\" data-e-type=\"widget\" data-widget_type=\"heading.default\">\n\t\t\t\t\t<h2 class=\"elementor-heading-title elementor-size-default\">Akademia Muzyczna w Krakowie<\/h2>\t\t\t\t<\/div>\n\t\t\t\t<div class=\"elementor-element elementor-element-392d83e elementor-widget elementor-widget-spacer\" data-id=\"392d83e\" data-element_type=\"widget\" data-e-type=\"widget\" data-widget_type=\"spacer.default\">\n\t\t\t\t\t\t\t<div class=\"elementor-spacer\">\n\t\t\t<div class=\"elementor-spacer-inner\"><\/div>\n\t\t<\/div>\n\t\t\t\t\t\t<\/div>\n\t\t\t\t<div class=\"elementor-element elementor-element-1cd3a54 elementor-align-center elementor-widget elementor-widget-button\" data-id=\"1cd3a54\" data-element_type=\"widget\" data-e-type=\"widget\" data-widget_type=\"button.default\">\n\t\t\t\t\t\t\t\t\t\t<a class=\"elementor-button elementor-button-link elementor-size-sm\" href=\"https:\/\/artenovum.pl\/?page_id=639&#038;preview=true\">\n\t\t\t\t\t\t<span class=\"elementor-button-content-wrapper\">\n\t\t\t\t\t\t\t\t\t<span class=\"elementor-button-text\">Zarezerwuj<\/span>\n\t\t\t\t\t<\/span>\n\t\t\t\t\t<\/a>\n\t\t\t\t\t\t\t\t<\/div>\n\t\t\t\t<\/div>\n\t\t\t\t\t<\/div>\n\t\t\t\t<\/div>\n\t\t\t\t<\/div>\n\t\t","protected":false},"excerpt":{"rendered":"<p>Dw\u00f3r Rey\u00f3w w Sieciechowicach Zarezerwuj Leonardo cafe Muzeum Ksi\u0105\u017c\u0105t Czartoryskich w Krakowie Zarezerwuj Liberty cafe Zwierzyniecka 27 Zarezerwuj Muza Roof Bistro Akademia Muzyczna w Krakowie Zarezerwuj<\/p>\n","protected":false},"author":1,"featured_media":0,"parent":0,"menu_order":0,"comment_status":"closed","ping_status":"closed","template":"elementor_header_footer","meta":{"footnotes":""},"class_list":["post-82","page","type-page","status-publish","hentry"],"_links":{"self":[{"href":"https:\/\/artenovum.pl\/index.php\/wp-json\/wp\/v2\/pages\/82","targetHints":{"allow":["GET"]}}],"collection":[{"href":"https:\/\/artenovum.pl\/index.php\/wp-json\/wp\/v2\/pages"}],"about":[{"href":"https:\/\/artenovum.pl\/index.php\/wp-json\/wp\/v2\/types\/page"}],"author":[{"embeddable":true,"href":"https:\/\/artenovum.pl\/index.php\/wp-json\/wp\/v2\/users\/1"}],"replies":[{"embeddable":true,"href":"https:\/\/artenovum.pl\/index.php\/wp-json\/wp\/v2\/comments?post=82"}],"version-history":[{"count":121,"href":"https:\/\/artenovum.pl\/index.php\/wp-json\/wp\/v2\/pages\/82\/revisions"}],"predecessor-version":[{"id":1203,"href":"https:\/\/artenovum.pl\/index.php\/wp-json\/wp\/v2\/pages\/82\/revisions\/1203"}],"wp:attachment":[{"href":"https:\/\/artenovum.pl\/index.php\/wp-json\/wp\/v2\/media?parent=82"}],"curies":[{"name":"wp","href":"https:\/\/api.w.org\/{rel}","templated":true}]}}