{"id":273,"date":"2026-02-21T12:17:08","date_gmt":"2026-02-21T11:17:08","guid":{"rendered":"https:\/\/new.artenovum.pl\/?page_id=273"},"modified":"2026-02-21T15:53:24","modified_gmt":"2026-02-21T14:53:24","slug":"galeria","status":"publish","type":"page","link":"https:\/\/artenovum.pl\/index.php\/galeria\/","title":{"rendered":"Galeria"},"content":{"rendered":"\t\t<div data-elementor-type=\"wp-page\" data-elementor-id=\"273\" class=\"elementor elementor-273\" data-elementor-post-type=\"page\">\n\t\t\t\t<div class=\"elementor-element elementor-element-07ff6a4 e-flex e-con-boxed e-con e-parent\" data-id=\"07ff6a4\" data-element_type=\"container\" data-e-type=\"container\">\n\t\t\t\t\t<div class=\"e-con-inner\">\n\t\t<div class=\"elementor-element elementor-element-3a9368e e-con-full e-flex e-con e-child\" data-id=\"3a9368e\" data-element_type=\"container\" data-e-type=\"container\">\n\t\t\t\t<div class=\"elementor-element elementor-element-96ad48f elementor-widget elementor-widget-image\" data-id=\"96ad48f\" data-element_type=\"widget\" data-e-type=\"widget\" data-widget_type=\"image.default\">\n\t\t\t\t\t\t\t\t\t\t\t\t\t\t\t<img fetchpriority=\"high\" decoding=\"async\" width=\"683\" height=\"600\" src=\"https:\/\/artenovum.pl\/wp-content\/uploads\/2026\/02\/Image_Placeholder-13122021.jpg\" class=\"attachment-full size-full wp-image-33\" alt=\"\" srcset=\"https:\/\/artenovum.pl\/wp-content\/uploads\/2026\/02\/Image_Placeholder-13122021.jpg 683w, https:\/\/artenovum.pl\/wp-content\/uploads\/2026\/02\/Image_Placeholder-13122021-600x527.jpg 600w, https:\/\/artenovum.pl\/wp-content\/uploads\/2026\/02\/Image_Placeholder-13122021-300x264.jpg 300w\" sizes=\"(max-width: 683px) 100vw, 683px\" \/>\t\t\t\t\t\t\t\t\t\t\t\t\t\t\t<\/div>\n\t\t\t\t<div class=\"elementor-element elementor-element-8f59d1c elementor-widget elementor-widget-heading\" data-id=\"8f59d1c\" data-element_type=\"widget\" data-e-type=\"widget\" data-widget_type=\"heading.default\">\n\t\t\t\t\t<h2 class=\"elementor-heading-title elementor-size-default\">8_widok<\/h2>\t\t\t\t<\/div>\n\t\t\t\t<div class=\"elementor-element elementor-element-2ea6c96 elementor-widget elementor-widget-heading\" data-id=\"2ea6c96\" data-element_type=\"widget\" data-e-type=\"widget\" data-widget_type=\"heading.default\">\n\t\t\t\t\t<h2 class=\"elementor-heading-title elementor-size-default\">2025.12.06 Dw\u00f3r Rey\u00f3w<\/h2>\t\t\t\t<\/div>\n\t\t\t\t<\/div>\n\t\t<div class=\"elementor-element elementor-element-ba501a9 e-con-full e-flex e-con e-child\" data-id=\"ba501a9\" data-element_type=\"container\" data-e-type=\"container\">\n\t\t\t\t<div class=\"elementor-element elementor-element-e85b850 elementor-widget elementor-widget-image\" data-id=\"e85b850\" data-element_type=\"widget\" data-e-type=\"widget\" data-widget_type=\"image.default\">\n\t\t\t\t\t\t\t\t\t\t\t\t\t\t\t<img fetchpriority=\"high\" decoding=\"async\" width=\"683\" height=\"600\" src=\"https:\/\/artenovum.pl\/wp-content\/uploads\/2026\/02\/Image_Placeholder-13122021.jpg\" class=\"attachment-full size-full wp-image-33\" alt=\"\" srcset=\"https:\/\/artenovum.pl\/wp-content\/uploads\/2026\/02\/Image_Placeholder-13122021.jpg 683w, https:\/\/artenovum.pl\/wp-content\/uploads\/2026\/02\/Image_Placeholder-13122021-600x527.jpg 600w, https:\/\/artenovum.pl\/wp-content\/uploads\/2026\/02\/Image_Placeholder-13122021-300x264.jpg 300w\" sizes=\"(max-width: 683px) 100vw, 683px\" \/>\t\t\t\t\t\t\t\t\t\t\t\t\t\t\t<\/div>\n\t\t\t\t<div class=\"elementor-element elementor-element-ab125b2 elementor-widget elementor-widget-heading\" data-id=\"ab125b2\" data-element_type=\"widget\" data-e-type=\"widget\" data-widget_type=\"heading.default\">\n\t\t\t\t\t<h2 class=\"elementor-heading-title elementor-size-default\">Adam Bakalarz<\/h2>\t\t\t\t<\/div>\n\t\t\t\t<div class=\"elementor-element elementor-element-a8cb6cc elementor-widget elementor-widget-heading\" data-id=\"a8cb6cc\" data-element_type=\"widget\" data-e-type=\"widget\" data-widget_type=\"heading.default\">\n\t\t\t\t\t<h2 class=\"elementor-heading-title elementor-size-default\">2025.11.06 Dw\u00f3r Rey\u00f3w<\/h2>\t\t\t\t<\/div>\n\t\t\t\t<\/div>\n\t\t<div class=\"elementor-element elementor-element-0bea3a0 e-con-full e-flex e-con e-child\" data-id=\"0bea3a0\" data-element_type=\"container\" data-e-type=\"container\">\n\t\t\t\t<div class=\"elementor-element elementor-element-63c323b elementor-widget elementor-widget-image\" data-id=\"63c323b\" data-element_type=\"widget\" data-e-type=\"widget\" data-widget_type=\"image.default\">\n\t\t\t\t\t\t\t\t\t\t\t\t\t\t\t<img fetchpriority=\"high\" decoding=\"async\" width=\"683\" height=\"600\" src=\"https:\/\/artenovum.pl\/wp-content\/uploads\/2026\/02\/Image_Placeholder-13122021.jpg\" class=\"attachment-full size-full wp-image-33\" alt=\"\" srcset=\"https:\/\/artenovum.pl\/wp-content\/uploads\/2026\/02\/Image_Placeholder-13122021.jpg 683w, https:\/\/artenovum.pl\/wp-content\/uploads\/2026\/02\/Image_Placeholder-13122021-600x527.jpg 600w, https:\/\/artenovum.pl\/wp-content\/uploads\/2026\/02\/Image_Placeholder-13122021-300x264.jpg 300w\" sizes=\"(max-width: 683px) 100vw, 683px\" \/>\t\t\t\t\t\t\t\t\t\t\t\t\t\t\t<\/div>\n\t\t\t\t<div class=\"elementor-element elementor-element-11e5557 elementor-widget elementor-widget-heading\" data-id=\"11e5557\" data-element_type=\"widget\" data-e-type=\"widget\" data-widget_type=\"heading.default\">\n\t\t\t\t\t<h2 class=\"elementor-heading-title elementor-size-default\">Zima w Dworku Rey\u00f3w<\/h2>\t\t\t\t<\/div>\n\t\t\t\t<div class=\"elementor-element elementor-element-60c8086 elementor-widget elementor-widget-heading\" data-id=\"60c8086\" data-element_type=\"widget\" data-e-type=\"widget\" data-widget_type=\"heading.default\">\n\t\t\t\t\t<h2 class=\"elementor-heading-title elementor-size-default\">2026.01.04 Dw\u00f3r Rey\u00f3w<\/h2>\t\t\t\t<\/div>\n\t\t\t\t<\/div>\n\t\t<div class=\"elementor-element elementor-element-b0c4d1b e-con-full e-flex e-con e-child\" data-id=\"b0c4d1b\" data-element_type=\"container\" data-e-type=\"container\">\n\t\t\t\t<div class=\"elementor-element elementor-element-1c78b38 elementor-widget elementor-widget-image\" data-id=\"1c78b38\" data-element_type=\"widget\" data-e-type=\"widget\" data-widget_type=\"image.default\">\n\t\t\t\t\t\t\t\t\t\t\t\t\t\t\t<img fetchpriority=\"high\" decoding=\"async\" width=\"683\" height=\"600\" src=\"https:\/\/artenovum.pl\/wp-content\/uploads\/2026\/02\/Image_Placeholder-13122021.jpg\" class=\"attachment-full size-full wp-image-33\" alt=\"\" srcset=\"https:\/\/artenovum.pl\/wp-content\/uploads\/2026\/02\/Image_Placeholder-13122021.jpg 683w, https:\/\/artenovum.pl\/wp-content\/uploads\/2026\/02\/Image_Placeholder-13122021-600x527.jpg 600w, https:\/\/artenovum.pl\/wp-content\/uploads\/2026\/02\/Image_Placeholder-13122021-300x264.jpg 300w\" sizes=\"(max-width: 683px) 100vw, 683px\" \/>\t\t\t\t\t\t\t\t\t\t\t\t\t\t\t<\/div>\n\t\t\t\t<div class=\"elementor-element elementor-element-d9251eb elementor-widget elementor-widget-heading\" data-id=\"d9251eb\" data-element_type=\"widget\" data-e-type=\"widget\" data-widget_type=\"heading.default\">\n\t\t\t\t\t<h2 class=\"elementor-heading-title elementor-size-default\">Koncert Hiszpa\u0144ski<\/h2>\t\t\t\t<\/div>\n\t\t\t\t<div class=\"elementor-element elementor-element-0091a81 elementor-widget elementor-widget-heading\" data-id=\"0091a81\" data-element_type=\"widget\" data-e-type=\"widget\" data-widget_type=\"heading.default\">\n\t\t\t\t\t<h2 class=\"elementor-heading-title elementor-size-default\">2026.01.04 Liberty<\/h2>\t\t\t\t<\/div>\n\t\t\t\t<\/div>\n\t\t\t\t\t<\/div>\n\t\t\t\t<\/div>\n\t\t<div class=\"elementor-element elementor-element-272136b e-flex e-con-boxed e-con e-parent\" data-id=\"272136b\" data-element_type=\"container\" data-e-type=\"container\">\n\t\t\t\t\t<div class=\"e-con-inner\">\n\t\t\t\t<div class=\"elementor-element elementor-element-f330a46 elementor-widget elementor-widget-spacer\" data-id=\"f330a46\" data-element_type=\"widget\" data-e-type=\"widget\" data-widget_type=\"spacer.default\">\n\t\t\t\t\t\t\t<div class=\"elementor-spacer\">\n\t\t\t<div class=\"elementor-spacer-inner\"><\/div>\n\t\t<\/div>\n\t\t\t\t\t\t<\/div>\n\t\t\t\t\t<\/div>\n\t\t\t\t<\/div>\n\t\t<div class=\"elementor-element elementor-element-bc0b536 e-flex e-con-boxed e-con e-parent\" data-id=\"bc0b536\" data-element_type=\"container\" data-e-type=\"container\">\n\t\t\t\t\t<div class=\"e-con-inner\">\n\t\t<div class=\"elementor-element elementor-element-35ea3cf e-con-full e-flex e-con e-child\" data-id=\"35ea3cf\" data-element_type=\"container\" data-e-type=\"container\">\n\t\t\t\t<div class=\"elementor-element elementor-element-8cf006a elementor-widget elementor-widget-image\" data-id=\"8cf006a\" data-element_type=\"widget\" data-e-type=\"widget\" data-widget_type=\"image.default\">\n\t\t\t\t\t\t\t\t\t\t\t\t\t\t\t<img fetchpriority=\"high\" decoding=\"async\" width=\"683\" height=\"600\" src=\"https:\/\/artenovum.pl\/wp-content\/uploads\/2026\/02\/Image_Placeholder-13122021.jpg\" class=\"attachment-full size-full wp-image-33\" alt=\"\" srcset=\"https:\/\/artenovum.pl\/wp-content\/uploads\/2026\/02\/Image_Placeholder-13122021.jpg 683w, https:\/\/artenovum.pl\/wp-content\/uploads\/2026\/02\/Image_Placeholder-13122021-600x527.jpg 600w, https:\/\/artenovum.pl\/wp-content\/uploads\/2026\/02\/Image_Placeholder-13122021-300x264.jpg 300w\" sizes=\"(max-width: 683px) 100vw, 683px\" \/>\t\t\t\t\t\t\t\t\t\t\t\t\t\t\t<\/div>\n\t\t\t\t<div class=\"elementor-element elementor-element-92b4327 elementor-widget elementor-widget-heading\" data-id=\"92b4327\" data-element_type=\"widget\" data-e-type=\"widget\" data-widget_type=\"heading.default\">\n\t\t\t\t\t<h2 class=\"elementor-heading-title elementor-size-default\">Dw\u00f3r Rey\u00f3w 100 lat temu<\/h2>\t\t\t\t<\/div>\n\t\t\t\t<div class=\"elementor-element elementor-element-4f231cb elementor-widget elementor-widget-heading\" data-id=\"4f231cb\" data-element_type=\"widget\" data-e-type=\"widget\" data-widget_type=\"heading.default\">\n\t\t\t\t\t<h2 class=\"elementor-heading-title elementor-size-default\">2025.12.06 Dw\u00f3r Rey\u00f3w<\/h2>\t\t\t\t<\/div>\n\t\t\t\t<\/div>\n\t\t<div class=\"elementor-element elementor-element-c057a7f e-con-full e-flex e-con e-child\" data-id=\"c057a7f\" data-element_type=\"container\" data-e-type=\"container\">\n\t\t\t\t<div class=\"elementor-element elementor-element-0d8709c elementor-widget elementor-widget-image\" data-id=\"0d8709c\" data-element_type=\"widget\" data-e-type=\"widget\" data-widget_type=\"image.default\">\n\t\t\t\t\t\t\t\t\t\t\t\t\t\t\t<img fetchpriority=\"high\" decoding=\"async\" width=\"683\" height=\"600\" src=\"https:\/\/artenovum.pl\/wp-content\/uploads\/2026\/02\/Image_Placeholder-13122021.jpg\" class=\"attachment-full size-full wp-image-33\" alt=\"\" srcset=\"https:\/\/artenovum.pl\/wp-content\/uploads\/2026\/02\/Image_Placeholder-13122021.jpg 683w, https:\/\/artenovum.pl\/wp-content\/uploads\/2026\/02\/Image_Placeholder-13122021-600x527.jpg 600w, https:\/\/artenovum.pl\/wp-content\/uploads\/2026\/02\/Image_Placeholder-13122021-300x264.jpg 300w\" sizes=\"(max-width: 683px) 100vw, 683px\" \/>\t\t\t\t\t\t\t\t\t\t\t\t\t\t\t<\/div>\n\t\t\t\t<div class=\"elementor-element elementor-element-ebb7b6c elementor-widget elementor-widget-heading\" data-id=\"ebb7b6c\" data-element_type=\"widget\" data-e-type=\"widget\" data-widget_type=\"heading.default\">\n\t\t\t\t\t<h2 class=\"elementor-heading-title elementor-size-default\">Sielskie granie\n<\/h2>\t\t\t\t<\/div>\n\t\t\t\t<div class=\"elementor-element elementor-element-31c9616 elementor-widget elementor-widget-heading\" data-id=\"31c9616\" data-element_type=\"widget\" data-e-type=\"widget\" data-widget_type=\"heading.default\">\n\t\t\t\t\t<h2 class=\"elementor-heading-title elementor-size-default\">2025.11.06 Dw\u00f3r Rey\u00f3w<\/h2>\t\t\t\t<\/div>\n\t\t\t\t<\/div>\n\t\t<div class=\"elementor-element elementor-element-1021c17 e-con-full e-flex e-con e-child\" data-id=\"1021c17\" data-element_type=\"container\" data-e-type=\"container\">\n\t\t\t\t<div class=\"elementor-element elementor-element-25ba437 elementor-widget elementor-widget-image\" data-id=\"25ba437\" data-element_type=\"widget\" data-e-type=\"widget\" data-widget_type=\"image.default\">\n\t\t\t\t\t\t\t\t\t\t\t\t\t\t\t<img fetchpriority=\"high\" decoding=\"async\" width=\"683\" height=\"600\" src=\"https:\/\/artenovum.pl\/wp-content\/uploads\/2026\/02\/Image_Placeholder-13122021.jpg\" class=\"attachment-full size-full wp-image-33\" alt=\"\" srcset=\"https:\/\/artenovum.pl\/wp-content\/uploads\/2026\/02\/Image_Placeholder-13122021.jpg 683w, https:\/\/artenovum.pl\/wp-content\/uploads\/2026\/02\/Image_Placeholder-13122021-600x527.jpg 600w, https:\/\/artenovum.pl\/wp-content\/uploads\/2026\/02\/Image_Placeholder-13122021-300x264.jpg 300w\" sizes=\"(max-width: 683px) 100vw, 683px\" \/>\t\t\t\t\t\t\t\t\t\t\t\t\t\t\t<\/div>\n\t\t\t\t<div class=\"elementor-element elementor-element-95dbd70 elementor-widget elementor-widget-heading\" data-id=\"95dbd70\" data-element_type=\"widget\" data-e-type=\"widget\" data-widget_type=\"heading.default\">\n\t\t\t\t\t<h2 class=\"elementor-heading-title elementor-size-default\">Koncert Hiszpa\u0144ski<br>\nDeuardo Espanjiola\n<\/h2>\t\t\t\t<\/div>\n\t\t\t\t<div class=\"elementor-element elementor-element-b058ef7 elementor-widget elementor-widget-heading\" data-id=\"b058ef7\" data-element_type=\"widget\" data-e-type=\"widget\" data-widget_type=\"heading.default\">\n\t\t\t\t\t<h2 class=\"elementor-heading-title elementor-size-default\">2026.01.04 Liberty<\/h2>\t\t\t\t<\/div>\n\t\t\t\t<\/div>\n\t\t<div class=\"elementor-element elementor-element-4fdc265 e-con-full e-flex e-con e-child\" data-id=\"4fdc265\" data-element_type=\"container\" data-e-type=\"container\">\n\t\t\t\t<div class=\"elementor-element elementor-element-8d779fe elementor-widget elementor-widget-image\" data-id=\"8d779fe\" data-element_type=\"widget\" data-e-type=\"widget\" data-widget_type=\"image.default\">\n\t\t\t\t\t\t\t\t\t\t\t\t\t\t\t<img fetchpriority=\"high\" decoding=\"async\" width=\"683\" height=\"600\" src=\"https:\/\/artenovum.pl\/wp-content\/uploads\/2026\/02\/Image_Placeholder-13122021.jpg\" class=\"attachment-full size-full wp-image-33\" alt=\"\" srcset=\"https:\/\/artenovum.pl\/wp-content\/uploads\/2026\/02\/Image_Placeholder-13122021.jpg 683w, https:\/\/artenovum.pl\/wp-content\/uploads\/2026\/02\/Image_Placeholder-13122021-600x527.jpg 600w, https:\/\/artenovum.pl\/wp-content\/uploads\/2026\/02\/Image_Placeholder-13122021-300x264.jpg 300w\" sizes=\"(max-width: 683px) 100vw, 683px\" \/>\t\t\t\t\t\t\t\t\t\t\t\t\t\t\t<\/div>\n\t\t\t\t<div class=\"elementor-element elementor-element-531e3a2 elementor-widget elementor-widget-heading\" data-id=\"531e3a2\" data-element_type=\"widget\" data-e-type=\"widget\" data-widget_type=\"heading.default\">\n\t\t\t\t\t<h2 class=\"elementor-heading-title elementor-size-default\">Sk\u00f3rczewski<\/h2>\t\t\t\t<\/div>\n\t\t\t\t<div class=\"elementor-element elementor-element-f231956 elementor-widget elementor-widget-heading\" data-id=\"f231956\" data-element_type=\"widget\" data-e-type=\"widget\" data-widget_type=\"heading.default\">\n\t\t\t\t\t<h2 class=\"elementor-heading-title elementor-size-default\">2026.01.04 Dw\u00f3r Rey\u00f3w<\/h2>\t\t\t\t<\/div>\n\t\t\t\t<\/div>\n\t\t\t\t\t<\/div>\n\t\t\t\t<\/div>\n\t\t<div class=\"elementor-element elementor-element-cc96a91 e-flex e-con-boxed e-con e-parent\" data-id=\"cc96a91\" data-element_type=\"container\" data-e-type=\"container\">\n\t\t\t\t\t<div class=\"e-con-inner\">\n\t\t\t\t<div class=\"elementor-element elementor-element-78a0024 elementor-widget elementor-widget-spacer\" data-id=\"78a0024\" data-element_type=\"widget\" data-e-type=\"widget\" data-widget_type=\"spacer.default\">\n\t\t\t\t\t\t\t<div class=\"elementor-spacer\">\n\t\t\t<div class=\"elementor-spacer-inner\"><\/div>\n\t\t<\/div>\n\t\t\t\t\t\t<\/div>\n\t\t\t\t\t<\/div>\n\t\t\t\t<\/div>\n\t\t<div class=\"elementor-element elementor-element-3bfb55f e-flex e-con-boxed e-con e-parent\" data-id=\"3bfb55f\" data-element_type=\"container\" data-e-type=\"container\">\n\t\t\t\t\t<div class=\"e-con-inner\">\n\t\t<div class=\"elementor-element elementor-element-662d234 e-con-full e-flex e-con e-child\" data-id=\"662d234\" data-element_type=\"container\" data-e-type=\"container\">\n\t\t\t\t<div class=\"elementor-element elementor-element-d84b8b9 elementor-widget elementor-widget-image\" data-id=\"d84b8b9\" data-element_type=\"widget\" data-e-type=\"widget\" data-widget_type=\"image.default\">\n\t\t\t\t\t\t\t\t\t\t\t\t\t\t\t<img fetchpriority=\"high\" decoding=\"async\" width=\"683\" height=\"600\" src=\"https:\/\/artenovum.pl\/wp-content\/uploads\/2026\/02\/Image_Placeholder-13122021.jpg\" class=\"attachment-full size-full wp-image-33\" alt=\"\" srcset=\"https:\/\/artenovum.pl\/wp-content\/uploads\/2026\/02\/Image_Placeholder-13122021.jpg 683w, https:\/\/artenovum.pl\/wp-content\/uploads\/2026\/02\/Image_Placeholder-13122021-600x527.jpg 600w, https:\/\/artenovum.pl\/wp-content\/uploads\/2026\/02\/Image_Placeholder-13122021-300x264.jpg 300w\" sizes=\"(max-width: 683px) 100vw, 683px\" \/>\t\t\t\t\t\t\t\t\t\t\t\t\t\t\t<\/div>\n\t\t\t\t<div class=\"elementor-element elementor-element-0eebb92 elementor-widget elementor-widget-heading\" data-id=\"0eebb92\" data-element_type=\"widget\" data-e-type=\"widget\" data-widget_type=\"heading.default\">\n\t\t\t\t\t<h2 class=\"elementor-heading-title elementor-size-default\">8_widok<\/h2>\t\t\t\t<\/div>\n\t\t\t\t<div class=\"elementor-element elementor-element-7166455 elementor-widget elementor-widget-heading\" data-id=\"7166455\" data-element_type=\"widget\" data-e-type=\"widget\" data-widget_type=\"heading.default\">\n\t\t\t\t\t<h2 class=\"elementor-heading-title elementor-size-default\">2025.12.06 Dw\u00f3r Rey\u00f3w<\/h2>\t\t\t\t<\/div>\n\t\t\t\t<\/div>\n\t\t<div class=\"elementor-element elementor-element-f97f169 e-con-full e-flex e-con e-child\" data-id=\"f97f169\" data-element_type=\"container\" data-e-type=\"container\">\n\t\t\t\t<div class=\"elementor-element elementor-element-021622e elementor-widget elementor-widget-image\" data-id=\"021622e\" data-element_type=\"widget\" data-e-type=\"widget\" data-widget_type=\"image.default\">\n\t\t\t\t\t\t\t\t\t\t\t\t\t\t\t<img fetchpriority=\"high\" decoding=\"async\" width=\"683\" height=\"600\" src=\"https:\/\/artenovum.pl\/wp-content\/uploads\/2026\/02\/Image_Placeholder-13122021.jpg\" class=\"attachment-full size-full wp-image-33\" alt=\"\" srcset=\"https:\/\/artenovum.pl\/wp-content\/uploads\/2026\/02\/Image_Placeholder-13122021.jpg 683w, https:\/\/artenovum.pl\/wp-content\/uploads\/2026\/02\/Image_Placeholder-13122021-600x527.jpg 600w, https:\/\/artenovum.pl\/wp-content\/uploads\/2026\/02\/Image_Placeholder-13122021-300x264.jpg 300w\" sizes=\"(max-width: 683px) 100vw, 683px\" \/>\t\t\t\t\t\t\t\t\t\t\t\t\t\t\t<\/div>\n\t\t\t\t<div class=\"elementor-element elementor-element-796c3f1 elementor-widget elementor-widget-heading\" data-id=\"796c3f1\" data-element_type=\"widget\" data-e-type=\"widget\" data-widget_type=\"heading.default\">\n\t\t\t\t\t<h2 class=\"elementor-heading-title elementor-size-default\">Adam Bakalarz<\/h2>\t\t\t\t<\/div>\n\t\t\t\t<div class=\"elementor-element elementor-element-7bbe3e0 elementor-widget elementor-widget-heading\" data-id=\"7bbe3e0\" data-element_type=\"widget\" data-e-type=\"widget\" data-widget_type=\"heading.default\">\n\t\t\t\t\t<h2 class=\"elementor-heading-title elementor-size-default\">2025.11.06 Dw\u00f3r Rey\u00f3w<\/h2>\t\t\t\t<\/div>\n\t\t\t\t<\/div>\n\t\t<div class=\"elementor-element elementor-element-5e4a133 e-con-full e-flex e-con e-child\" data-id=\"5e4a133\" data-element_type=\"container\" data-e-type=\"container\">\n\t\t\t\t<div class=\"elementor-element elementor-element-c9cf3e0 elementor-widget elementor-widget-image\" data-id=\"c9cf3e0\" data-element_type=\"widget\" data-e-type=\"widget\" data-widget_type=\"image.default\">\n\t\t\t\t\t\t\t\t\t\t\t\t\t\t\t<img fetchpriority=\"high\" decoding=\"async\" width=\"683\" height=\"600\" src=\"https:\/\/artenovum.pl\/wp-content\/uploads\/2026\/02\/Image_Placeholder-13122021.jpg\" class=\"attachment-full size-full wp-image-33\" alt=\"\" srcset=\"https:\/\/artenovum.pl\/wp-content\/uploads\/2026\/02\/Image_Placeholder-13122021.jpg 683w, https:\/\/artenovum.pl\/wp-content\/uploads\/2026\/02\/Image_Placeholder-13122021-600x527.jpg 600w, https:\/\/artenovum.pl\/wp-content\/uploads\/2026\/02\/Image_Placeholder-13122021-300x264.jpg 300w\" sizes=\"(max-width: 683px) 100vw, 683px\" \/>\t\t\t\t\t\t\t\t\t\t\t\t\t\t\t<\/div>\n\t\t\t\t<div class=\"elementor-element elementor-element-ae235b7 elementor-widget elementor-widget-heading\" data-id=\"ae235b7\" data-element_type=\"widget\" data-e-type=\"widget\" data-widget_type=\"heading.default\">\n\t\t\t\t\t<h2 class=\"elementor-heading-title elementor-size-default\">Zima w Dworku Rey\u00f3w<\/h2>\t\t\t\t<\/div>\n\t\t\t\t<div class=\"elementor-element elementor-element-e3273e0 elementor-widget elementor-widget-heading\" data-id=\"e3273e0\" data-element_type=\"widget\" data-e-type=\"widget\" data-widget_type=\"heading.default\">\n\t\t\t\t\t<h2 class=\"elementor-heading-title elementor-size-default\">2026.01.04 Liberty<\/h2>\t\t\t\t<\/div>\n\t\t\t\t<\/div>\n\t\t<div class=\"elementor-element elementor-element-3403340 e-con-full e-flex e-con e-child\" data-id=\"3403340\" data-element_type=\"container\" data-e-type=\"container\">\n\t\t\t\t<div class=\"elementor-element elementor-element-814d276 elementor-widget elementor-widget-image\" data-id=\"814d276\" data-element_type=\"widget\" data-e-type=\"widget\" data-widget_type=\"image.default\">\n\t\t\t\t\t\t\t\t\t\t\t\t\t\t\t<img fetchpriority=\"high\" decoding=\"async\" width=\"683\" height=\"600\" src=\"https:\/\/artenovum.pl\/wp-content\/uploads\/2026\/02\/Image_Placeholder-13122021.jpg\" class=\"attachment-full size-full wp-image-33\" alt=\"\" srcset=\"https:\/\/artenovum.pl\/wp-content\/uploads\/2026\/02\/Image_Placeholder-13122021.jpg 683w, https:\/\/artenovum.pl\/wp-content\/uploads\/2026\/02\/Image_Placeholder-13122021-600x527.jpg 600w, https:\/\/artenovum.pl\/wp-content\/uploads\/2026\/02\/Image_Placeholder-13122021-300x264.jpg 300w\" sizes=\"(max-width: 683px) 100vw, 683px\" \/>\t\t\t\t\t\t\t\t\t\t\t\t\t\t\t<\/div>\n\t\t\t\t<div class=\"elementor-element elementor-element-636cebe elementor-widget elementor-widget-heading\" data-id=\"636cebe\" data-element_type=\"widget\" data-e-type=\"widget\" data-widget_type=\"heading.default\">\n\t\t\t\t\t<h2 class=\"elementor-heading-title elementor-size-default\">Koncert Hiszpa\u0144ski<\/h2>\t\t\t\t<\/div>\n\t\t\t\t<div class=\"elementor-element elementor-element-39d25d5 elementor-widget elementor-widget-heading\" data-id=\"39d25d5\" data-element_type=\"widget\" data-e-type=\"widget\" data-widget_type=\"heading.default\">\n\t\t\t\t\t<h2 class=\"elementor-heading-title elementor-size-default\">2026.01.04 Liberty<\/h2>\t\t\t\t<\/div>\n\t\t\t\t<\/div>\n\t\t\t\t\t<\/div>\n\t\t\t\t<\/div>\n\t\t\t\t<\/div>\n\t\t","protected":false},"excerpt":{"rendered":"<p>8_widok 2025.12.06 Dw\u00f3r Rey\u00f3w Adam Bakalarz 2025.11.06 Dw\u00f3r Rey\u00f3w Zima w Dworku Rey\u00f3w 2026.01.04 Dw\u00f3r Rey\u00f3w Koncert Hiszpa\u0144ski 2026.01.04 Liberty Dw\u00f3r Rey\u00f3w 100 lat temu 2025.12.06 Dw\u00f3r Rey\u00f3w Sielskie granie 2025.11.06 Dw\u00f3r Rey\u00f3w Koncert Hiszpa\u0144ski Deuardo Espanjiola 2026.01.04 Liberty Sk\u00f3rczewski 2026.01.04 Dw\u00f3r Rey\u00f3w 8_widok 2025.12.06 Dw\u00f3r Rey\u00f3w Adam Bakalarz 2025.11.06 Dw\u00f3r Rey\u00f3w Zima w Dworku [&hellip;]<\/p>\n","protected":false},"author":1,"featured_media":0,"parent":0,"menu_order":0,"comment_status":"closed","ping_status":"closed","template":"","meta":{"footnotes":""},"class_list":["post-273","page","type-page","status-publish","hentry"],"_links":{"self":[{"href":"https:\/\/artenovum.pl\/index.php\/wp-json\/wp\/v2\/pages\/273","targetHints":{"allow":["GET"]}}],"collection":[{"href":"https:\/\/artenovum.pl\/index.php\/wp-json\/wp\/v2\/pages"}],"about":[{"href":"https:\/\/artenovum.pl\/index.php\/wp-json\/wp\/v2\/types\/page"}],"author":[{"embeddable":true,"href":"https:\/\/artenovum.pl\/index.php\/wp-json\/wp\/v2\/users\/1"}],"replies":[{"embeddable":true,"href":"https:\/\/artenovum.pl\/index.php\/wp-json\/wp\/v2\/comments?post=273"}],"version-history":[{"count":16,"href":"https:\/\/artenovum.pl\/index.php\/wp-json\/wp\/v2\/pages\/273\/revisions"}],"predecessor-version":[{"id":589,"href":"https:\/\/artenovum.pl\/index.php\/wp-json\/wp\/v2\/pages\/273\/revisions\/589"}],"wp:attachment":[{"href":"https:\/\/artenovum.pl\/index.php\/wp-json\/wp\/v2\/media?parent=273"}],"curies":[{"name":"wp","href":"https:\/\/api.w.org\/{rel}","templated":true}]}}