{"id":271,"date":"2026-02-21T12:16:53","date_gmt":"2026-02-21T11:16:53","guid":{"rendered":"https:\/\/new.artenovum.pl\/?page_id=271"},"modified":"2026-05-07T09:45:09","modified_gmt":"2026-05-07T07:45:09","slug":"oferta-rezerwacje","status":"publish","type":"page","link":"https:\/\/artenovum.pl\/index.php\/oferta-rezerwacje\/","title":{"rendered":"Oferta \/ Rezerwacje"},"content":{"rendered":"\t\t<div data-elementor-type=\"wp-page\" data-elementor-id=\"271\" class=\"elementor elementor-271\" data-elementor-post-type=\"page\">\n\t\t\t\t<div class=\"elementor-element elementor-element-25e99ec e-flex e-con-boxed e-con e-parent\" data-id=\"25e99ec\" data-element_type=\"container\" data-e-type=\"container\">\n\t\t\t\t\t<div class=\"e-con-inner\">\n\t\t<div class=\"elementor-element elementor-element-787575c e-con-full animated-slow e-flex elementor-invisible e-con e-child\" data-id=\"787575c\" data-element_type=\"container\" data-e-type=\"container\" data-settings=\"{&quot;background_background&quot;:&quot;classic&quot;,&quot;animation&quot;:&quot;fadeIn&quot;,&quot;animation_delay&quot;:100}\">\n\t\t<div class=\"elementor-element elementor-element-0b4ae05 e-con-full e-flex e-con e-child\" data-id=\"0b4ae05\" data-element_type=\"container\" data-e-type=\"container\">\n\t\t\t\t<div class=\"elementor-element elementor-element-2f2572c elementor-widget elementor-widget-image\" data-id=\"2f2572c\" data-element_type=\"widget\" data-e-type=\"widget\" data-widget_type=\"image.default\">\n\t\t\t\t\t\t\t\t\t\t\t\t\t\t\t<img fetchpriority=\"high\" decoding=\"async\" width=\"1757\" height=\"1318\" src=\"https:\/\/artenovum.pl\/wp-content\/uploads\/2026\/03\/1.png\" class=\"attachment-full size-full wp-image-734\" alt=\"\" srcset=\"https:\/\/artenovum.pl\/wp-content\/uploads\/2026\/03\/1.png 1757w, https:\/\/artenovum.pl\/wp-content\/uploads\/2026\/03\/1-300x225.png 300w, https:\/\/artenovum.pl\/wp-content\/uploads\/2026\/03\/1-1024x768.png 1024w, https:\/\/artenovum.pl\/wp-content\/uploads\/2026\/03\/1-768x576.png 768w, https:\/\/artenovum.pl\/wp-content\/uploads\/2026\/03\/1-1536x1152.png 1536w, https:\/\/artenovum.pl\/wp-content\/uploads\/2026\/03\/1-600x450.png 600w\" sizes=\"(max-width: 1757px) 100vw, 1757px\" \/>\t\t\t\t\t\t\t\t\t\t\t\t\t\t\t<\/div>\n\t\t\t\t<\/div>\n\t\t<div class=\"elementor-element elementor-element-bd5f5b5 e-con-full e-flex e-con e-child\" data-id=\"bd5f5b5\" data-element_type=\"container\" data-e-type=\"container\">\n\t\t\t\t<div class=\"elementor-element elementor-element-a6e1029 elementor-widget elementor-widget-heading\" data-id=\"a6e1029\" data-element_type=\"widget\" data-e-type=\"widget\" data-widget_type=\"heading.default\">\n\t\t\t\t\t<h2 class=\"elementor-heading-title elementor-size-default\">Dw\u00f3r Rey\u00f3w<\/h2>\t\t\t\t<\/div>\n\t\t\t\t<\/div>\n\t\t<div class=\"elementor-element elementor-element-604ce8f e-con-full e-flex e-con e-child\" data-id=\"604ce8f\" data-element_type=\"container\" data-e-type=\"container\">\n\t\t\t\t<div class=\"elementor-element elementor-element-27e321e elementor-widget elementor-widget-heading\" data-id=\"27e321e\" data-element_type=\"widget\" data-e-type=\"widget\" data-widget_type=\"heading.default\">\n\t\t\t\t\t<h2 class=\"elementor-heading-title elementor-size-default\">w Sieciechowicach<\/h2>\t\t\t\t<\/div>\n\t\t\t\t<\/div>\n\t\t<div class=\"elementor-element elementor-element-effa9a5 e-con-full e-flex e-con e-child\" data-id=\"effa9a5\" data-element_type=\"container\" data-e-type=\"container\">\n\t\t\t\t<div class=\"elementor-element elementor-element-6c7ee6e elementor-align-center elementor-widget elementor-widget-button\" data-id=\"6c7ee6e\" data-element_type=\"widget\" data-e-type=\"widget\" data-widget_type=\"button.default\">\n\t\t\t\t\t\t\t\t\t\t<a class=\"elementor-button elementor-button-link elementor-size-sm\" href=\"https:\/\/artenovum.pl\/index.php\/dwor-reyow\/\">\n\t\t\t\t\t\t<span class=\"elementor-button-content-wrapper\">\n\t\t\t\t\t\t\t\t\t<span class=\"elementor-button-text\">Sprawd\u017a<\/span>\n\t\t\t\t\t<\/span>\n\t\t\t\t\t<\/a>\n\t\t\t\t\t\t\t\t<\/div>\n\t\t\t\t<\/div>\n\t\t\t\t<\/div>\n\t\t<div class=\"elementor-element elementor-element-e8ae643 e-con-full animated-slow e-flex elementor-invisible e-con e-child\" data-id=\"e8ae643\" data-element_type=\"container\" data-e-type=\"container\" data-settings=\"{&quot;background_background&quot;:&quot;classic&quot;,&quot;animation&quot;:&quot;fadeIn&quot;,&quot;animation_delay&quot;:500}\">\n\t\t<div class=\"elementor-element elementor-element-e9bdef7 e-con-full e-flex e-con e-child\" data-id=\"e9bdef7\" data-element_type=\"container\" data-e-type=\"container\">\n\t\t\t\t<div class=\"elementor-element elementor-element-32467d5 elementor-widget elementor-widget-image\" data-id=\"32467d5\" data-element_type=\"widget\" data-e-type=\"widget\" data-widget_type=\"image.default\">\n\t\t\t\t\t\t\t\t\t\t\t\t\t\t\t<img decoding=\"async\" width=\"1757\" height=\"1318\" src=\"https:\/\/artenovum.pl\/wp-content\/uploads\/2026\/03\/2a.png\" class=\"attachment-full size-full wp-image-735\" alt=\"\" srcset=\"https:\/\/artenovum.pl\/wp-content\/uploads\/2026\/03\/2a.png 1757w, https:\/\/artenovum.pl\/wp-content\/uploads\/2026\/03\/2a-300x225.png 300w, https:\/\/artenovum.pl\/wp-content\/uploads\/2026\/03\/2a-1024x768.png 1024w, https:\/\/artenovum.pl\/wp-content\/uploads\/2026\/03\/2a-768x576.png 768w, https:\/\/artenovum.pl\/wp-content\/uploads\/2026\/03\/2a-1536x1152.png 1536w, https:\/\/artenovum.pl\/wp-content\/uploads\/2026\/03\/2a-600x450.png 600w\" sizes=\"(max-width: 1757px) 100vw, 1757px\" \/>\t\t\t\t\t\t\t\t\t\t\t\t\t\t\t<\/div>\n\t\t\t\t<\/div>\n\t\t<div class=\"elementor-element elementor-element-3a58b1e e-con-full e-flex e-con e-child\" data-id=\"3a58b1e\" data-element_type=\"container\" data-e-type=\"container\">\n\t\t\t\t<div class=\"elementor-element elementor-element-d4c7890 elementor-widget elementor-widget-heading\" data-id=\"d4c7890\" data-element_type=\"widget\" data-e-type=\"widget\" data-widget_type=\"heading.default\">\n\t\t\t\t\t<h2 class=\"elementor-heading-title elementor-size-default\">Leonardo cafe<\/h2>\t\t\t\t<\/div>\n\t\t\t\t<\/div>\n\t\t<div class=\"elementor-element elementor-element-c9eacc6 e-con-full e-flex e-con e-child\" data-id=\"c9eacc6\" data-element_type=\"container\" data-e-type=\"container\">\n\t\t\t\t<div class=\"elementor-element elementor-element-bc7c779 elementor-widget elementor-widget-heading\" data-id=\"bc7c779\" data-element_type=\"widget\" data-e-type=\"widget\" data-widget_type=\"heading.default\">\n\t\t\t\t\t<h2 class=\"elementor-heading-title elementor-size-default\">Muzeum Ksi\u0105\u017c\u0105t<br>\nCzartoryskich<br>\nw Krakowie<\/h2>\t\t\t\t<\/div>\n\t\t\t\t<\/div>\n\t\t<div class=\"elementor-element elementor-element-5b380d3 e-con-full e-flex e-con e-child\" data-id=\"5b380d3\" data-element_type=\"container\" data-e-type=\"container\">\n\t\t\t\t<div class=\"elementor-element elementor-element-6c05a2e elementor-align-center elementor-widget elementor-widget-button\" data-id=\"6c05a2e\" data-element_type=\"widget\" data-e-type=\"widget\" data-widget_type=\"button.default\">\n\t\t\t\t\t\t\t\t\t\t<a class=\"elementor-button elementor-button-link elementor-size-sm\" href=\"https:\/\/artenovum.pl\/index.php\/leonardo-cafe\/\">\n\t\t\t\t\t\t<span class=\"elementor-button-content-wrapper\">\n\t\t\t\t\t\t\t\t\t<span class=\"elementor-button-text\">Sprawd\u017a<\/span>\n\t\t\t\t\t<\/span>\n\t\t\t\t\t<\/a>\n\t\t\t\t\t\t\t\t<\/div>\n\t\t\t\t<\/div>\n\t\t\t\t<\/div>\n\t\t<div class=\"elementor-element elementor-element-01e6263 e-con-full animated-slow e-flex elementor-invisible e-con e-child\" data-id=\"01e6263\" data-element_type=\"container\" data-e-type=\"container\" data-settings=\"{&quot;background_background&quot;:&quot;classic&quot;,&quot;animation&quot;:&quot;fadeIn&quot;,&quot;animation_delay&quot;:900}\">\n\t\t<div class=\"elementor-element elementor-element-d2bf97c e-con-full e-flex e-con e-child\" data-id=\"d2bf97c\" data-element_type=\"container\" data-e-type=\"container\">\n\t\t\t\t<div class=\"elementor-element elementor-element-9494ed8 elementor-widget elementor-widget-image\" data-id=\"9494ed8\" data-element_type=\"widget\" data-e-type=\"widget\" data-widget_type=\"image.default\">\n\t\t\t\t\t\t\t\t\t\t\t\t\t\t\t<img decoding=\"async\" width=\"1757\" height=\"1318\" src=\"https:\/\/artenovum.pl\/wp-content\/uploads\/2026\/03\/3.png\" class=\"attachment-full size-full wp-image-736\" alt=\"\" srcset=\"https:\/\/artenovum.pl\/wp-content\/uploads\/2026\/03\/3.png 1757w, https:\/\/artenovum.pl\/wp-content\/uploads\/2026\/03\/3-300x225.png 300w, https:\/\/artenovum.pl\/wp-content\/uploads\/2026\/03\/3-1024x768.png 1024w, https:\/\/artenovum.pl\/wp-content\/uploads\/2026\/03\/3-768x576.png 768w, https:\/\/artenovum.pl\/wp-content\/uploads\/2026\/03\/3-1536x1152.png 1536w, https:\/\/artenovum.pl\/wp-content\/uploads\/2026\/03\/3-600x450.png 600w\" sizes=\"(max-width: 1757px) 100vw, 1757px\" \/>\t\t\t\t\t\t\t\t\t\t\t\t\t\t\t<\/div>\n\t\t\t\t<\/div>\n\t\t<div class=\"elementor-element elementor-element-b1cf4c5 e-con-full e-flex e-con e-child\" data-id=\"b1cf4c5\" data-element_type=\"container\" data-e-type=\"container\">\n\t\t\t\t<div class=\"elementor-element elementor-element-d5a4799 elementor-widget elementor-widget-heading\" data-id=\"d5a4799\" data-element_type=\"widget\" data-e-type=\"widget\" data-widget_type=\"heading.default\">\n\t\t\t\t\t<h2 class=\"elementor-heading-title elementor-size-default\">Liberty cafe<\/h2>\t\t\t\t<\/div>\n\t\t\t\t<\/div>\n\t\t<div class=\"elementor-element elementor-element-7653bb6 e-con-full e-flex e-con e-child\" data-id=\"7653bb6\" data-element_type=\"container\" data-e-type=\"container\">\n\t\t\t\t<div class=\"elementor-element elementor-element-b38251d elementor-widget elementor-widget-heading\" data-id=\"b38251d\" data-element_type=\"widget\" data-e-type=\"widget\" data-widget_type=\"heading.default\">\n\t\t\t\t\t<h2 class=\"elementor-heading-title elementor-size-default\">Zwierzyniecka 27<\/h2>\t\t\t\t<\/div>\n\t\t\t\t<\/div>\n\t\t<div class=\"elementor-element elementor-element-d39a785 e-con-full e-flex e-con e-child\" data-id=\"d39a785\" data-element_type=\"container\" data-e-type=\"container\">\n\t\t\t\t<div class=\"elementor-element elementor-element-ac0a553 elementor-align-center elementor-widget elementor-widget-button\" data-id=\"ac0a553\" data-element_type=\"widget\" data-e-type=\"widget\" data-widget_type=\"button.default\">\n\t\t\t\t\t\t\t\t\t\t<a class=\"elementor-button elementor-button-link elementor-size-sm\" href=\"https:\/\/artenovum.pl\/index.php\/liberty-cafe\/\">\n\t\t\t\t\t\t<span class=\"elementor-button-content-wrapper\">\n\t\t\t\t\t\t\t\t\t<span class=\"elementor-button-text\">Sprawd\u017a<\/span>\n\t\t\t\t\t<\/span>\n\t\t\t\t\t<\/a>\n\t\t\t\t\t\t\t\t<\/div>\n\t\t\t\t<\/div>\n\t\t\t\t<\/div>\n\t\t<div class=\"elementor-element elementor-element-fae07aa e-con-full animated-slow e-flex elementor-invisible e-con e-child\" data-id=\"fae07aa\" data-element_type=\"container\" data-e-type=\"container\" data-settings=\"{&quot;background_background&quot;:&quot;classic&quot;,&quot;animation&quot;:&quot;fadeIn&quot;,&quot;animation_delay&quot;:1300}\">\n\t\t<div class=\"elementor-element elementor-element-3240e91 e-con-full e-flex e-con e-child\" data-id=\"3240e91\" data-element_type=\"container\" data-e-type=\"container\" data-settings=\"{&quot;animation&quot;:&quot;none&quot;}\">\n\t\t\t\t<div class=\"elementor-element elementor-element-979dcbb animated-slow elementor-widget elementor-widget-image\" data-id=\"979dcbb\" data-element_type=\"widget\" data-e-type=\"widget\" data-settings=\"{&quot;_animation&quot;:&quot;none&quot;}\" data-widget_type=\"image.default\">\n\t\t\t\t\t\t\t\t\t\t\t\t\t\t\t<img loading=\"lazy\" decoding=\"async\" width=\"1757\" height=\"1318\" src=\"https:\/\/artenovum.pl\/wp-content\/uploads\/2026\/03\/4.png\" class=\"attachment-full size-full wp-image-737\" alt=\"\" srcset=\"https:\/\/artenovum.pl\/wp-content\/uploads\/2026\/03\/4.png 1757w, https:\/\/artenovum.pl\/wp-content\/uploads\/2026\/03\/4-300x225.png 300w, https:\/\/artenovum.pl\/wp-content\/uploads\/2026\/03\/4-1024x768.png 1024w, https:\/\/artenovum.pl\/wp-content\/uploads\/2026\/03\/4-768x576.png 768w, https:\/\/artenovum.pl\/wp-content\/uploads\/2026\/03\/4-1536x1152.png 1536w, https:\/\/artenovum.pl\/wp-content\/uploads\/2026\/03\/4-600x450.png 600w\" sizes=\"(max-width: 1757px) 100vw, 1757px\" \/>\t\t\t\t\t\t\t\t\t\t\t\t\t\t\t<\/div>\n\t\t\t\t<\/div>\n\t\t<div class=\"elementor-element elementor-element-ad1dd98 e-con-full e-flex e-con e-child\" data-id=\"ad1dd98\" data-element_type=\"container\" data-e-type=\"container\">\n\t\t\t\t<div class=\"elementor-element elementor-element-1c49743 elementor-widget elementor-widget-heading\" data-id=\"1c49743\" data-element_type=\"widget\" data-e-type=\"widget\" data-widget_type=\"heading.default\">\n\t\t\t\t\t<h2 class=\"elementor-heading-title elementor-size-default\">Muza Roof Bistro<\/h2>\t\t\t\t<\/div>\n\t\t\t\t<\/div>\n\t\t<div class=\"elementor-element elementor-element-57ced82 e-con-full e-flex e-con e-child\" data-id=\"57ced82\" data-element_type=\"container\" data-e-type=\"container\">\n\t\t\t\t<div class=\"elementor-element elementor-element-bf39011 elementor-widget elementor-widget-heading\" data-id=\"bf39011\" data-element_type=\"widget\" data-e-type=\"widget\" data-widget_type=\"heading.default\">\n\t\t\t\t\t<h2 class=\"elementor-heading-title elementor-size-default\">Akademia Muzyczna<br>\nw Krakowie<\/h2>\t\t\t\t<\/div>\n\t\t\t\t<\/div>\n\t\t<div class=\"elementor-element elementor-element-6f7fb7e e-con-full e-flex e-con e-child\" data-id=\"6f7fb7e\" data-element_type=\"container\" data-e-type=\"container\">\n\t\t\t\t<div class=\"elementor-element elementor-element-c8a3224 elementor-align-center elementor-widget elementor-widget-button\" data-id=\"c8a3224\" data-element_type=\"widget\" data-e-type=\"widget\" data-widget_type=\"button.default\">\n\t\t\t\t\t\t\t\t\t\t<a class=\"elementor-button elementor-button-link elementor-size-sm\" href=\"https:\/\/artenovum.pl\/?page_id=639&#038;preview=true\">\n\t\t\t\t\t\t<span class=\"elementor-button-content-wrapper\">\n\t\t\t\t\t\t\t\t\t<span class=\"elementor-button-text\">Sprawd\u017a<\/span>\n\t\t\t\t\t<\/span>\n\t\t\t\t\t<\/a>\n\t\t\t\t\t\t\t\t<\/div>\n\t\t\t\t<\/div>\n\t\t\t\t<\/div>\n\t\t\t\t\t<\/div>\n\t\t\t\t<\/div>\n\t\t\t\t<\/div>\n\t\t","protected":false},"excerpt":{"rendered":"<p>Dw\u00f3r Rey\u00f3w w Sieciechowicach Sprawd\u017a Leonardo cafe Muzeum Ksi\u0105\u017c\u0105t Czartoryskich w Krakowie Sprawd\u017a Liberty cafe Zwierzyniecka 27 Sprawd\u017a Muza Roof Bistro Akademia Muzyczna w Krakowie Sprawd\u017a<\/p>\n","protected":false},"author":1,"featured_media":0,"parent":0,"menu_order":0,"comment_status":"closed","ping_status":"closed","template":"","meta":{"footnotes":""},"class_list":["post-271","page","type-page","status-publish","hentry"],"_links":{"self":[{"href":"https:\/\/artenovum.pl\/index.php\/wp-json\/wp\/v2\/pages\/271","targetHints":{"allow":["GET"]}}],"collection":[{"href":"https:\/\/artenovum.pl\/index.php\/wp-json\/wp\/v2\/pages"}],"about":[{"href":"https:\/\/artenovum.pl\/index.php\/wp-json\/wp\/v2\/types\/page"}],"author":[{"embeddable":true,"href":"https:\/\/artenovum.pl\/index.php\/wp-json\/wp\/v2\/users\/1"}],"replies":[{"embeddable":true,"href":"https:\/\/artenovum.pl\/index.php\/wp-json\/wp\/v2\/comments?post=271"}],"version-history":[{"count":86,"href":"https:\/\/artenovum.pl\/index.php\/wp-json\/wp\/v2\/pages\/271\/revisions"}],"predecessor-version":[{"id":1209,"href":"https:\/\/artenovum.pl\/index.php\/wp-json\/wp\/v2\/pages\/271\/revisions\/1209"}],"wp:attachment":[{"href":"https:\/\/artenovum.pl\/index.php\/wp-json\/wp\/v2\/media?parent=271"}],"curies":[{"name":"wp","href":"https:\/\/api.w.org\/{rel}","templated":true}]}}