{"id":269,"date":"2026-02-21T12:16:31","date_gmt":"2026-02-21T11:16:31","guid":{"rendered":"https:\/\/new.artenovum.pl\/?page_id=269"},"modified":"2026-03-15T15:03:18","modified_gmt":"2026-03-15T14:03:18","slug":"misja","status":"publish","type":"page","link":"https:\/\/artenovum.pl\/index.php\/misja\/","title":{"rendered":"Misja"},"content":{"rendered":"\t\t<div data-elementor-type=\"wp-page\" data-elementor-id=\"269\" class=\"elementor elementor-269\" data-elementor-post-type=\"page\">\n\t\t\t\t<div class=\"elementor-element elementor-element-5f34d55 elementor-hidden-mobile e-flex e-con-boxed e-con e-parent\" data-id=\"5f34d55\" data-element_type=\"container\" data-e-type=\"container\">\n\t\t\t\t\t<div class=\"e-con-inner\">\n\t\t\t\t<div class=\"elementor-element elementor-element-38909e1 elementor-widget elementor-widget-spacer\" data-id=\"38909e1\" data-element_type=\"widget\" data-e-type=\"widget\" data-widget_type=\"spacer.default\">\n\t\t\t\t\t\t\t<div class=\"elementor-spacer\">\n\t\t\t<div class=\"elementor-spacer-inner\"><\/div>\n\t\t<\/div>\n\t\t\t\t\t\t<\/div>\n\t\t\t\t\t<\/div>\n\t\t\t\t<\/div>\n\t\t<div class=\"elementor-element elementor-element-9c88616 e-flex e-con-boxed e-con e-parent\" data-id=\"9c88616\" data-element_type=\"container\" data-e-type=\"container\">\n\t\t\t\t\t<div class=\"e-con-inner\">\n\t\t<div class=\"elementor-element elementor-element-de800b7 e-con-full e-flex e-con e-child\" data-id=\"de800b7\" data-element_type=\"container\" data-e-type=\"container\">\n\t\t\t\t<div class=\"elementor-element elementor-element-e5f134b elementor-widget-divider--view-line elementor-widget elementor-widget-divider\" data-id=\"e5f134b\" data-element_type=\"widget\" data-e-type=\"widget\" data-widget_type=\"divider.default\">\n\t\t\t\t\t\t\t<div class=\"elementor-divider\">\n\t\t\t<span class=\"elementor-divider-separator\">\n\t\t\t\t\t\t<\/span>\n\t\t<\/div>\n\t\t\t\t\t\t<\/div>\n\t\t\t\t<div class=\"elementor-element elementor-element-0359118 elementor-absolute animated-slow elementor-hidden-mobile elementor-invisible elementor-widget elementor-widget-heading\" data-id=\"0359118\" data-element_type=\"widget\" data-e-type=\"widget\" data-settings=\"{&quot;_position&quot;:&quot;absolute&quot;,&quot;motion_fx_motion_fx_mouse&quot;:&quot;yes&quot;,&quot;motion_fx_mouseTrack_effect&quot;:&quot;yes&quot;,&quot;motion_fx_mouseTrack_speed&quot;:{&quot;unit&quot;:&quot;px&quot;,&quot;size&quot;:2,&quot;sizes&quot;:[]},&quot;_animation&quot;:&quot;fadeInUp&quot;,&quot;_animation_delay&quot;:200}\" data-widget_type=\"heading.default\">\n\t\t\t\t\t<h2 class=\"elementor-heading-title elementor-size-default\">MISJA<\/h2>\t\t\t\t<\/div>\n\t\t\t\t<\/div>\n\t\t<div class=\"elementor-element elementor-element-8c6e0cf e-con-full e-flex e-con e-child\" data-id=\"8c6e0cf\" data-element_type=\"container\" data-e-type=\"container\">\n\t\t\t\t<div class=\"elementor-element elementor-element-f67e712 elementor-widget elementor-widget-heading\" data-id=\"f67e712\" data-element_type=\"widget\" data-e-type=\"widget\" data-widget_type=\"heading.default\">\n\t\t\t\t\t<h2 class=\"elementor-heading-title elementor-size-default\">zwi\u0119kszenie inspiruj\u0105cej<br>\nroli sztuki, kultury,<br>\nhumanistyki i artyst\u00f3w<\/h2>\t\t\t\t<\/div>\n\t\t\t\t<\/div>\n\t\t<div class=\"elementor-element elementor-element-0a65ed1 e-con-full e-flex e-con e-child\" data-id=\"0a65ed1\" data-element_type=\"container\" data-e-type=\"container\">\n\t\t\t\t<\/div>\n\t\t\t\t\t<\/div>\n\t\t\t\t<\/div>\n\t\t<div class=\"elementor-element elementor-element-c20f3f1 e-flex e-con-boxed e-con e-parent\" data-id=\"c20f3f1\" data-element_type=\"container\" data-e-type=\"container\">\n\t\t\t\t\t<div class=\"e-con-inner\">\n\t\t\t\t<div class=\"elementor-element elementor-element-4d17707 elementor-widget elementor-widget-spacer\" data-id=\"4d17707\" data-element_type=\"widget\" data-e-type=\"widget\" data-widget_type=\"spacer.default\">\n\t\t\t\t\t\t\t<div class=\"elementor-spacer\">\n\t\t\t<div class=\"elementor-spacer-inner\"><\/div>\n\t\t<\/div>\n\t\t\t\t\t\t<\/div>\n\t\t\t\t\t<\/div>\n\t\t\t\t<\/div>\n\t\t<div class=\"elementor-element elementor-element-586de19 e-flex e-con-boxed e-con e-parent\" data-id=\"586de19\" data-element_type=\"container\" data-e-type=\"container\">\n\t\t\t\t\t<div class=\"e-con-inner\">\n\t\t<div class=\"elementor-element elementor-element-3bf9da6 e-con-full e-flex e-con e-child\" data-id=\"3bf9da6\" data-element_type=\"container\" data-e-type=\"container\">\n\t\t\t\t<\/div>\n\t\t<div class=\"elementor-element elementor-element-2e46bac e-con-full e-flex e-con e-child\" data-id=\"2e46bac\" data-element_type=\"container\" data-e-type=\"container\">\n\t\t\t\t<div class=\"elementor-element elementor-element-020582b elementor-widget elementor-widget-image\" data-id=\"020582b\" data-element_type=\"widget\" data-e-type=\"widget\" data-widget_type=\"image.default\">\n\t\t\t\t\t\t\t\t\t\t\t\t\t\t\t<img fetchpriority=\"high\" decoding=\"async\" width=\"1286\" height=\"966\" src=\"https:\/\/artenovum.pl\/wp-content\/uploads\/2026\/03\/misja1.png\" class=\"attachment-full size-full wp-image-738\" alt=\"\" srcset=\"https:\/\/artenovum.pl\/wp-content\/uploads\/2026\/03\/misja1.png 1286w, https:\/\/artenovum.pl\/wp-content\/uploads\/2026\/03\/misja1-300x225.png 300w, https:\/\/artenovum.pl\/wp-content\/uploads\/2026\/03\/misja1-1024x769.png 1024w, https:\/\/artenovum.pl\/wp-content\/uploads\/2026\/03\/misja1-768x577.png 768w, https:\/\/artenovum.pl\/wp-content\/uploads\/2026\/03\/misja1-600x451.png 600w\" sizes=\"(max-width: 1286px) 100vw, 1286px\" \/>\t\t\t\t\t\t\t\t\t\t\t\t\t\t\t<\/div>\n\t\t\t\t<\/div>\n\t\t<div class=\"elementor-element elementor-element-83b7020 e-con-full e-flex e-con e-child\" data-id=\"83b7020\" data-element_type=\"container\" data-e-type=\"container\">\n\t\t\t\t<div class=\"elementor-element elementor-element-e3113cc elementor-widget__width-initial elementor-widget-mobile__width-inherit elementor-widget elementor-widget-text-editor\" data-id=\"e3113cc\" data-element_type=\"widget\" data-e-type=\"widget\" data-widget_type=\"text-editor.default\">\n\t\t\t\t\t\t\t\t\t<p class=\"p1\"><span class=\"s1\">Fundacja zostaje powo\u0142ana w celu podejmowania dzia\u0142a\u0144 na rzecz zwi\u0119kszenia inspiruj\u0105cej roli sztuki, kultury, humanistyki i artyst\u00f3w w r\u00f3\u017cnych dziedzinach \u017cycia spo\u0142ecznego i gospodarczego, jak r\u00f3wnie\u017c celem wspierania dzia\u0142a\u0144 na rzecz ochrony obiekt\u00f3w zabytkowych, rewitalizacji zdegradowanych przestrzeni miejskich i wiejskich oraz rozwoju zainteresowa\u0144 kolekcjonerskich, maj\u0105cych istotne znaczenie dla \u015bwiadomo\u015bci kulturalnej i historycznej spo\u0142ecze\u0144stwa. U podstaw tych dzia\u0142a\u0144 le\u017cy przekonanie o ich wysokiej spo\u0142ecznej po\u017cyteczno\u015bci oraz ich wielkim znaczeniu dla cywilizacyjnego rozwoju kraju.<\/span><\/p><p class=\"p1\"><span class=\"s1\">Dzia\u0142ania, jakie podejmie Fundacja na rzecz zwi\u0119kszenia mecenatu nad kultur\u0105, sztuk\u0105 i artystami skojarzone b\u0119d\u0105 z propagowaniem formu\u0142y wzajemnego przenikania si\u0119 sfery kultury i sztuki ze sfer\u0105 gospodarki oraz rozwoju nowych, obop\u00f3lnie korzystnych form wsp\u00f3\u0142dzia\u0142ania instytucji kulturalnych z gospodark\u0105.<\/span><\/p>\t\t\t\t\t\t\t\t<\/div>\n\t\t\t\t<\/div>\n\t\t\t\t\t<\/div>\n\t\t\t\t<\/div>\n\t\t<div class=\"elementor-element elementor-element-9a94a2f e-flex e-con-boxed e-con e-parent\" data-id=\"9a94a2f\" data-element_type=\"container\" data-e-type=\"container\">\n\t\t\t\t\t<div class=\"e-con-inner\">\n\t\t\t\t<div class=\"elementor-element elementor-element-d1bcc97 elementor-widget elementor-widget-spacer\" data-id=\"d1bcc97\" data-element_type=\"widget\" data-e-type=\"widget\" data-widget_type=\"spacer.default\">\n\t\t\t\t\t\t\t<div class=\"elementor-spacer\">\n\t\t\t<div class=\"elementor-spacer-inner\"><\/div>\n\t\t<\/div>\n\t\t\t\t\t\t<\/div>\n\t\t\t\t\t<\/div>\n\t\t\t\t<\/div>\n\t\t<div class=\"elementor-element elementor-element-f35ed55 e-flex e-con-boxed e-con e-parent\" data-id=\"f35ed55\" data-element_type=\"container\" data-e-type=\"container\">\n\t\t\t\t\t<div class=\"e-con-inner\">\n\t\t<div class=\"elementor-element elementor-element-bae73f6 e-con-full e-flex e-con e-child\" data-id=\"bae73f6\" data-element_type=\"container\" data-e-type=\"container\">\n\t\t\t\t<div class=\"elementor-element elementor-element-826cec7 elementor-widget-divider--view-line elementor-widget elementor-widget-divider\" data-id=\"826cec7\" data-element_type=\"widget\" data-e-type=\"widget\" data-widget_type=\"divider.default\">\n\t\t\t\t\t\t\t<div class=\"elementor-divider\">\n\t\t\t<span class=\"elementor-divider-separator\">\n\t\t\t\t\t\t<\/span>\n\t\t<\/div>\n\t\t\t\t\t\t<\/div>\n\t\t\t\t<\/div>\n\t\t<div class=\"elementor-element elementor-element-7647a3a e-con-full e-flex e-con e-child\" data-id=\"7647a3a\" data-element_type=\"container\" data-e-type=\"container\">\n\t\t\t\t<div class=\"elementor-element elementor-element-ea57bab elementor-widget elementor-widget-heading\" data-id=\"ea57bab\" data-element_type=\"widget\" data-e-type=\"widget\" data-widget_type=\"heading.default\">\n\t\t\t\t\t<h2 class=\"elementor-heading-title elementor-size-default\">zarz\u0105d<\/h2>\t\t\t\t<\/div>\n\t\t\t\t<\/div>\n\t\t\t\t\t<\/div>\n\t\t\t\t<\/div>\n\t\t<div class=\"elementor-element elementor-element-4e29856 e-flex e-con-boxed e-con e-parent\" data-id=\"4e29856\" data-element_type=\"container\" data-e-type=\"container\">\n\t\t\t\t\t<div class=\"e-con-inner\">\n\t\t\t\t<div class=\"elementor-element elementor-element-149c2b6 elementor-widget elementor-widget-spacer\" data-id=\"149c2b6\" data-element_type=\"widget\" data-e-type=\"widget\" data-widget_type=\"spacer.default\">\n\t\t\t\t\t\t\t<div class=\"elementor-spacer\">\n\t\t\t<div class=\"elementor-spacer-inner\"><\/div>\n\t\t<\/div>\n\t\t\t\t\t\t<\/div>\n\t\t\t\t\t<\/div>\n\t\t\t\t<\/div>\n\t\t<div class=\"elementor-element elementor-element-cdfda0b e-flex e-con-boxed e-con e-parent\" data-id=\"cdfda0b\" data-element_type=\"container\" data-e-type=\"container\">\n\t\t\t\t\t<div class=\"e-con-inner\">\n\t\t<div class=\"elementor-element elementor-element-3b04881 e-con-full e-flex e-con e-child\" data-id=\"3b04881\" data-element_type=\"container\" data-e-type=\"container\">\n\t\t\t\t<div class=\"elementor-element elementor-element-db09a50 elementor-widget elementor-widget-image\" data-id=\"db09a50\" data-element_type=\"widget\" data-e-type=\"widget\" data-widget_type=\"image.default\">\n\t\t\t\t\t\t\t\t\t\t\t\t\t\t\t<img decoding=\"async\" width=\"761\" height=\"760\" src=\"https:\/\/artenovum.pl\/wp-content\/uploads\/2026\/02\/z1.svg\" class=\"attachment-full size-full wp-image-401\" alt=\"\" \/>\t\t\t\t\t\t\t\t\t\t\t\t\t\t\t<\/div>\n\t\t\t\t<div class=\"elementor-element elementor-element-a20f756 elementor-widget elementor-widget-heading\" data-id=\"a20f756\" data-element_type=\"widget\" data-e-type=\"widget\" data-widget_type=\"heading.default\">\n\t\t\t\t\t<h2 class=\"elementor-heading-title elementor-size-default\">Mieczys\u0142aw Bielawski<\/h2>\t\t\t\t<\/div>\n\t\t\t\t<div class=\"elementor-element elementor-element-9be4c46 elementor-widget elementor-widget-heading\" data-id=\"9be4c46\" data-element_type=\"widget\" data-e-type=\"widget\" data-widget_type=\"heading.default\">\n\t\t\t\t\t<h2 class=\"elementor-heading-title elementor-size-default\">Prezes fundacji<\/h2>\t\t\t\t<\/div>\n\t\t\t\t<\/div>\n\t\t<div class=\"elementor-element elementor-element-40e5414 e-con-full e-flex e-con e-child\" data-id=\"40e5414\" data-element_type=\"container\" data-e-type=\"container\">\n\t\t\t\t<div class=\"elementor-element elementor-element-8f96555 elementor-widget elementor-widget-image\" data-id=\"8f96555\" data-element_type=\"widget\" data-e-type=\"widget\" data-widget_type=\"image.default\">\n\t\t\t\t\t\t\t\t\t\t\t\t\t\t\t<img decoding=\"async\" width=\"761\" height=\"760\" src=\"https:\/\/artenovum.pl\/wp-content\/uploads\/2026\/02\/z2.svg\" class=\"attachment-full size-full wp-image-402\" alt=\"\" \/>\t\t\t\t\t\t\t\t\t\t\t\t\t\t\t<\/div>\n\t\t\t\t<div class=\"elementor-element elementor-element-50c4d8a elementor-widget elementor-widget-heading\" data-id=\"50c4d8a\" data-element_type=\"widget\" data-e-type=\"widget\" data-widget_type=\"heading.default\">\n\t\t\t\t\t<h2 class=\"elementor-heading-title elementor-size-default\">Ella Marder<\/h2>\t\t\t\t<\/div>\n\t\t\t\t<div class=\"elementor-element elementor-element-ffcaf07 elementor-widget elementor-widget-heading\" data-id=\"ffcaf07\" data-element_type=\"widget\" data-e-type=\"widget\" data-widget_type=\"heading.default\">\n\t\t\t\t\t<h2 class=\"elementor-heading-title elementor-size-default\">Konsultant sta\u0142y fundacji<\/h2>\t\t\t\t<\/div>\n\t\t\t\t<\/div>\n\t\t<div class=\"elementor-element elementor-element-3b927e6 e-con-full e-flex e-con e-child\" data-id=\"3b927e6\" data-element_type=\"container\" data-e-type=\"container\">\n\t\t\t\t<div class=\"elementor-element elementor-element-35824e1 elementor-widget elementor-widget-image\" data-id=\"35824e1\" data-element_type=\"widget\" data-e-type=\"widget\" data-widget_type=\"image.default\">\n\t\t\t\t\t\t\t\t\t\t\t\t\t\t\t<img loading=\"lazy\" decoding=\"async\" width=\"761\" height=\"760\" src=\"https:\/\/artenovum.pl\/wp-content\/uploads\/2026\/02\/z3.svg\" class=\"attachment-full size-full wp-image-403\" alt=\"\" \/>\t\t\t\t\t\t\t\t\t\t\t\t\t\t\t<\/div>\n\t\t\t\t<div class=\"elementor-element elementor-element-367f18a elementor-widget elementor-widget-heading\" data-id=\"367f18a\" data-element_type=\"widget\" data-e-type=\"widget\" data-widget_type=\"heading.default\">\n\t\t\t\t\t<h2 class=\"elementor-heading-title elementor-size-default\">Grzegorz Kami\u0144ski<\/h2>\t\t\t\t<\/div>\n\t\t\t\t<div class=\"elementor-element elementor-element-4c6b533 elementor-widget elementor-widget-heading\" data-id=\"4c6b533\" data-element_type=\"widget\" data-e-type=\"widget\" data-widget_type=\"heading.default\">\n\t\t\t\t\t<h2 class=\"elementor-heading-title elementor-size-default\">Cz\u0142onek Rady Nadzorczej<\/h2>\t\t\t\t<\/div>\n\t\t\t\t<\/div>\n\t\t\t\t\t<\/div>\n\t\t\t\t<\/div>\n\t\t<div class=\"elementor-element elementor-element-c197943 e-flex e-con-boxed e-con e-parent\" data-id=\"c197943\" data-element_type=\"container\" data-e-type=\"container\">\n\t\t\t\t\t<div class=\"e-con-inner\">\n\t\t\t\t<div class=\"elementor-element elementor-element-b902234 elementor-widget elementor-widget-spacer\" data-id=\"b902234\" data-element_type=\"widget\" data-e-type=\"widget\" data-widget_type=\"spacer.default\">\n\t\t\t\t\t\t\t<div class=\"elementor-spacer\">\n\t\t\t<div class=\"elementor-spacer-inner\"><\/div>\n\t\t<\/div>\n\t\t\t\t\t\t<\/div>\n\t\t\t\t\t<\/div>\n\t\t\t\t<\/div>\n\t\t<div class=\"elementor-element elementor-element-615b60e e-flex e-con-boxed e-con e-parent\" data-id=\"615b60e\" data-element_type=\"container\" data-e-type=\"container\">\n\t\t\t\t\t<div class=\"e-con-inner\">\n\t\t<div class=\"elementor-element elementor-element-f8241e4 e-con-full e-flex e-con e-child\" data-id=\"f8241e4\" data-element_type=\"container\" data-e-type=\"container\">\n\t\t\t\t<div class=\"elementor-element elementor-element-4ba9557 elementor-widget elementor-widget-image\" data-id=\"4ba9557\" data-element_type=\"widget\" data-e-type=\"widget\" data-widget_type=\"image.default\">\n\t\t\t\t\t\t\t\t\t\t\t\t\t\t\t<img loading=\"lazy\" decoding=\"async\" width=\"761\" height=\"760\" src=\"https:\/\/artenovum.pl\/wp-content\/uploads\/2026\/02\/z4.svg\" class=\"attachment-full size-full wp-image-404\" alt=\"\" \/>\t\t\t\t\t\t\t\t\t\t\t\t\t\t\t<\/div>\n\t\t\t\t<div class=\"elementor-element elementor-element-47a2836 elementor-widget elementor-widget-heading\" data-id=\"47a2836\" data-element_type=\"widget\" data-e-type=\"widget\" data-widget_type=\"heading.default\">\n\t\t\t\t\t<h2 class=\"elementor-heading-title elementor-size-default\">Wojciech G\u0142owa<\/h2>\t\t\t\t<\/div>\n\t\t\t\t<\/div>\n\t\t<div class=\"elementor-element elementor-element-dc9831d e-con-full e-flex e-con e-child\" data-id=\"dc9831d\" data-element_type=\"container\" data-e-type=\"container\">\n\t\t\t\t<div class=\"elementor-element elementor-element-4dbe80d elementor-widget elementor-widget-image\" data-id=\"4dbe80d\" data-element_type=\"widget\" data-e-type=\"widget\" data-widget_type=\"image.default\">\n\t\t\t\t\t\t\t\t\t\t\t\t\t\t\t<img loading=\"lazy\" decoding=\"async\" width=\"761\" height=\"760\" src=\"https:\/\/artenovum.pl\/wp-content\/uploads\/2026\/02\/z5.svg\" class=\"attachment-full size-full wp-image-405\" alt=\"\" \/>\t\t\t\t\t\t\t\t\t\t\t\t\t\t\t<\/div>\n\t\t\t\t<div class=\"elementor-element elementor-element-fec8de9 elementor-widget elementor-widget-heading\" data-id=\"fec8de9\" data-element_type=\"widget\" data-e-type=\"widget\" data-widget_type=\"heading.default\">\n\t\t\t\t\t<h2 class=\"elementor-heading-title elementor-size-default\">Magdalena Sierpniowska<\/h2>\t\t\t\t<\/div>\n\t\t\t\t<\/div>\n\t\t<div class=\"elementor-element elementor-element-4ceaa62 e-con-full e-flex e-con e-child\" data-id=\"4ceaa62\" data-element_type=\"container\" data-e-type=\"container\">\n\t\t\t\t<div class=\"elementor-element elementor-element-1fa9dd3 elementor-widget elementor-widget-image\" data-id=\"1fa9dd3\" data-element_type=\"widget\" data-e-type=\"widget\" data-widget_type=\"image.default\">\n\t\t\t\t\t\t\t\t\t\t\t\t\t\t\t<img loading=\"lazy\" decoding=\"async\" width=\"760\" height=\"760\" src=\"https:\/\/artenovum.pl\/wp-content\/uploads\/2026\/02\/z6.svg\" class=\"attachment-full size-full wp-image-406\" alt=\"\" \/>\t\t\t\t\t\t\t\t\t\t\t\t\t\t\t<\/div>\n\t\t\t\t<div class=\"elementor-element elementor-element-adb8243 elementor-widget elementor-widget-heading\" data-id=\"adb8243\" data-element_type=\"widget\" data-e-type=\"widget\" data-widget_type=\"heading.default\">\n\t\t\t\t\t<h2 class=\"elementor-heading-title elementor-size-default\">Magdalena Piwek<\/h2>\t\t\t\t<\/div>\n\t\t\t\t<\/div>\n\t\t\t\t\t<\/div>\n\t\t\t\t<\/div>\n\t\t<div class=\"elementor-element elementor-element-855302c e-flex e-con-boxed e-con e-parent\" data-id=\"855302c\" data-element_type=\"container\" data-e-type=\"container\">\n\t\t\t\t\t<div class=\"e-con-inner\">\n\t\t\t\t<div class=\"elementor-element elementor-element-1abc262 elementor-widget elementor-widget-spacer\" data-id=\"1abc262\" data-element_type=\"widget\" data-e-type=\"widget\" data-widget_type=\"spacer.default\">\n\t\t\t\t\t\t\t<div class=\"elementor-spacer\">\n\t\t\t<div class=\"elementor-spacer-inner\"><\/div>\n\t\t<\/div>\n\t\t\t\t\t\t<\/div>\n\t\t\t\t\t<\/div>\n\t\t\t\t<\/div>\n\t\t<div class=\"elementor-element elementor-element-bdb5f59 e-flex e-con-boxed e-con e-parent\" data-id=\"bdb5f59\" data-element_type=\"container\" data-e-type=\"container\">\n\t\t\t\t\t<div class=\"e-con-inner\">\n\t\t<div class=\"elementor-element elementor-element-e7da85f e-con-full e-flex e-con e-child\" data-id=\"e7da85f\" data-element_type=\"container\" data-e-type=\"container\" data-settings=\"{&quot;background_background&quot;:&quot;classic&quot;}\">\n\t\t\t\t<div class=\"elementor-element elementor-element-dd14010 elementor-widget elementor-widget-button\" data-id=\"dd14010\" data-element_type=\"widget\" data-e-type=\"widget\" data-widget_type=\"button.default\">\n\t\t\t\t\t\t\t\t\t\t<a class=\"elementor-button elementor-button-link elementor-size-sm\" href=\"#\">\n\t\t\t\t\t\t<span class=\"elementor-button-content-wrapper\">\n\t\t\t\t\t\t\t\t\t<span class=\"elementor-button-text\">Sprawd\u017a<\/span>\n\t\t\t\t\t<\/span>\n\t\t\t\t\t<\/a>\n\t\t\t\t\t\t\t\t<\/div>\n\t\t\t\t<\/div>\n\t\t\t\t\t<\/div>\n\t\t\t\t<\/div>\n\t\t<div class=\"elementor-element elementor-element-e0ec914 e-flex e-con-boxed e-con e-parent\" data-id=\"e0ec914\" data-element_type=\"container\" data-e-type=\"container\">\n\t\t\t\t\t<div class=\"e-con-inner\">\n\t\t\t\t<div class=\"elementor-element elementor-element-e9327da elementor-widget elementor-widget-spacer\" data-id=\"e9327da\" data-element_type=\"widget\" data-e-type=\"widget\" data-widget_type=\"spacer.default\">\n\t\t\t\t\t\t\t<div class=\"elementor-spacer\">\n\t\t\t<div class=\"elementor-spacer-inner\"><\/div>\n\t\t<\/div>\n\t\t\t\t\t\t<\/div>\n\t\t\t\t\t<\/div>\n\t\t\t\t<\/div>\n\t\t<div class=\"elementor-element elementor-element-ce4f327 e-flex e-con-boxed e-con e-parent\" data-id=\"ce4f327\" data-element_type=\"container\" data-e-type=\"container\">\n\t\t\t\t\t<div class=\"e-con-inner\">\n\t\t<div class=\"elementor-element elementor-element-99291e0 e-con-full e-flex e-con e-child\" data-id=\"99291e0\" data-element_type=\"container\" data-e-type=\"container\">\n\t\t\t\t<div class=\"elementor-element elementor-element-ccdb7a4 elementor-widget elementor-widget-image\" data-id=\"ccdb7a4\" data-element_type=\"widget\" data-e-type=\"widget\" data-widget_type=\"image.default\">\n\t\t\t\t\t\t\t\t\t\t\t\t\t\t\t<img loading=\"lazy\" decoding=\"async\" width=\"1757\" height=\"1318\" src=\"https:\/\/artenovum.pl\/wp-content\/uploads\/2026\/03\/4.png\" class=\"attachment-full size-full wp-image-737\" alt=\"\" srcset=\"https:\/\/artenovum.pl\/wp-content\/uploads\/2026\/03\/4.png 1757w, https:\/\/artenovum.pl\/wp-content\/uploads\/2026\/03\/4-300x225.png 300w, https:\/\/artenovum.pl\/wp-content\/uploads\/2026\/03\/4-1024x768.png 1024w, https:\/\/artenovum.pl\/wp-content\/uploads\/2026\/03\/4-768x576.png 768w, https:\/\/artenovum.pl\/wp-content\/uploads\/2026\/03\/4-1536x1152.png 1536w, https:\/\/artenovum.pl\/wp-content\/uploads\/2026\/03\/4-600x450.png 600w\" sizes=\"(max-width: 1757px) 100vw, 1757px\" \/>\t\t\t\t\t\t\t\t\t\t\t\t\t\t\t<\/div>\n\t\t\t\t<\/div>\n\t\t<div class=\"elementor-element elementor-element-5e05b72 e-con-full e-flex e-con e-child\" data-id=\"5e05b72\" data-element_type=\"container\" data-e-type=\"container\">\n\t\t\t\t<div class=\"elementor-element elementor-element-68d0bcd elementor-widget elementor-widget-image\" data-id=\"68d0bcd\" data-element_type=\"widget\" data-e-type=\"widget\" data-widget_type=\"image.default\">\n\t\t\t\t\t\t\t\t\t\t\t\t\t\t\t<img loading=\"lazy\" decoding=\"async\" width=\"1757\" height=\"1318\" src=\"https:\/\/artenovum.pl\/wp-content\/uploads\/2026\/03\/4.png\" class=\"attachment-full size-full wp-image-737\" alt=\"\" srcset=\"https:\/\/artenovum.pl\/wp-content\/uploads\/2026\/03\/4.png 1757w, https:\/\/artenovum.pl\/wp-content\/uploads\/2026\/03\/4-300x225.png 300w, https:\/\/artenovum.pl\/wp-content\/uploads\/2026\/03\/4-1024x768.png 1024w, https:\/\/artenovum.pl\/wp-content\/uploads\/2026\/03\/4-768x576.png 768w, https:\/\/artenovum.pl\/wp-content\/uploads\/2026\/03\/4-1536x1152.png 1536w, https:\/\/artenovum.pl\/wp-content\/uploads\/2026\/03\/4-600x450.png 600w\" sizes=\"(max-width: 1757px) 100vw, 1757px\" \/>\t\t\t\t\t\t\t\t\t\t\t\t\t\t\t<\/div>\n\t\t\t\t<\/div>\n\t\t<div class=\"elementor-element elementor-element-e307395 e-con-full e-flex e-con e-child\" data-id=\"e307395\" data-element_type=\"container\" data-e-type=\"container\">\n\t\t\t\t<div class=\"elementor-element elementor-element-0b28795 elementor-widget elementor-widget-image\" data-id=\"0b28795\" data-element_type=\"widget\" data-e-type=\"widget\" data-widget_type=\"image.default\">\n\t\t\t\t\t\t\t\t\t\t\t\t\t\t\t<img loading=\"lazy\" decoding=\"async\" width=\"1757\" height=\"1318\" src=\"https:\/\/artenovum.pl\/wp-content\/uploads\/2026\/03\/4.png\" class=\"attachment-full size-full wp-image-737\" alt=\"\" srcset=\"https:\/\/artenovum.pl\/wp-content\/uploads\/2026\/03\/4.png 1757w, https:\/\/artenovum.pl\/wp-content\/uploads\/2026\/03\/4-300x225.png 300w, https:\/\/artenovum.pl\/wp-content\/uploads\/2026\/03\/4-1024x768.png 1024w, https:\/\/artenovum.pl\/wp-content\/uploads\/2026\/03\/4-768x576.png 768w, https:\/\/artenovum.pl\/wp-content\/uploads\/2026\/03\/4-1536x1152.png 1536w, https:\/\/artenovum.pl\/wp-content\/uploads\/2026\/03\/4-600x450.png 600w\" sizes=\"(max-width: 1757px) 100vw, 1757px\" \/>\t\t\t\t\t\t\t\t\t\t\t\t\t\t\t<\/div>\n\t\t\t\t<\/div>\n\t\t\t\t\t<\/div>\n\t\t\t\t<\/div>\n\t\t\t\t<\/div>\n\t\t","protected":false},"excerpt":{"rendered":"<p>MISJA zwi\u0119kszenie inspiruj\u0105cej roli sztuki, kultury, humanistyki i artyst\u00f3w Fundacja zostaje powo\u0142ana w celu podejmowania dzia\u0142a\u0144 na rzecz zwi\u0119kszenia inspiruj\u0105cej roli sztuki, kultury, humanistyki i artyst\u00f3w w r\u00f3\u017cnych dziedzinach \u017cycia spo\u0142ecznego i gospodarczego, jak r\u00f3wnie\u017c celem wspierania dzia\u0142a\u0144 na rzecz ochrony obiekt\u00f3w zabytkowych, rewitalizacji zdegradowanych przestrzeni miejskich i wiejskich oraz rozwoju zainteresowa\u0144 kolekcjonerskich, maj\u0105cych istotne [&hellip;]<\/p>\n","protected":false},"author":1,"featured_media":0,"parent":0,"menu_order":0,"comment_status":"closed","ping_status":"closed","template":"","meta":{"footnotes":""},"class_list":["post-269","page","type-page","status-publish","hentry"],"_links":{"self":[{"href":"https:\/\/artenovum.pl\/index.php\/wp-json\/wp\/v2\/pages\/269","targetHints":{"allow":["GET"]}}],"collection":[{"href":"https:\/\/artenovum.pl\/index.php\/wp-json\/wp\/v2\/pages"}],"about":[{"href":"https:\/\/artenovum.pl\/index.php\/wp-json\/wp\/v2\/types\/page"}],"author":[{"embeddable":true,"href":"https:\/\/artenovum.pl\/index.php\/wp-json\/wp\/v2\/users\/1"}],"replies":[{"embeddable":true,"href":"https:\/\/artenovum.pl\/index.php\/wp-json\/wp\/v2\/comments?post=269"}],"version-history":[{"count":229,"href":"https:\/\/artenovum.pl\/index.php\/wp-json\/wp\/v2\/pages\/269\/revisions"}],"predecessor-version":[{"id":1047,"href":"https:\/\/artenovum.pl\/index.php\/wp-json\/wp\/v2\/pages\/269\/revisions\/1047"}],"wp:attachment":[{"href":"https:\/\/artenovum.pl\/index.php\/wp-json\/wp\/v2\/media?parent=269"}],"curies":[{"name":"wp","href":"https:\/\/api.w.org\/{rel}","templated":true}]}}