{"id":1178,"date":"2026-02-21T15:59:48","date_gmt":"2026-02-21T14:59:48","guid":{"rendered":"https:\/\/new.artenovum.pl\/?page_id=1178"},"modified":"2026-05-06T12:10:33","modified_gmt":"2026-05-06T10:10:33","slug":"kpo","status":"publish","type":"page","link":"https:\/\/artenovum.pl\/index.php\/kpo\/","title":{"rendered":"KPO"},"content":{"rendered":"\t\t<div data-elementor-type=\"wp-page\" data-elementor-id=\"1178\" class=\"elementor elementor-1178\" data-elementor-post-type=\"page\">\n\t\t\t\t<div class=\"elementor-element elementor-element-03fc069 e-flex e-con-boxed e-con e-parent\" data-id=\"03fc069\" data-element_type=\"container\" data-e-type=\"container\">\n\t\t\t\t\t<div class=\"e-con-inner\">\n\t\t\t\t<div class=\"elementor-element elementor-element-fde6719 elementor-widget elementor-widget-spacer\" data-id=\"fde6719\" data-element_type=\"widget\" data-e-type=\"widget\" data-widget_type=\"spacer.default\">\n\t\t\t\t\t\t\t<div class=\"elementor-spacer\">\n\t\t\t<div class=\"elementor-spacer-inner\"><\/div>\n\t\t<\/div>\n\t\t\t\t\t\t<\/div>\n\t\t\t\t\t<\/div>\n\t\t\t\t<\/div>\n\t\t<div class=\"elementor-element elementor-element-f372a4b e-flex e-con-boxed e-con e-parent\" data-id=\"f372a4b\" data-element_type=\"container\" data-e-type=\"container\">\n\t\t\t\t\t<div class=\"e-con-inner\">\n\t\t<div class=\"elementor-element elementor-element-ce8f289 e-con-full e-flex e-con e-child\" data-id=\"ce8f289\" data-element_type=\"container\" data-e-type=\"container\">\n\t\t\t\t<div class=\"elementor-element elementor-element-a291bbe elementor-widget elementor-widget-image\" data-id=\"a291bbe\" data-element_type=\"widget\" data-e-type=\"widget\" data-widget_type=\"image.default\">\n\t\t\t\t\t\t\t\t\t\t\t\t\t\t\t<img fetchpriority=\"high\" decoding=\"async\" width=\"4108\" height=\"239\" src=\"https:\/\/artenovum.pl\/wp-content\/uploads\/2026\/05\/KPO.svg\" class=\"attachment-full size-full wp-image-1180\" alt=\"\" \/>\t\t\t\t\t\t\t\t\t\t\t\t\t\t\t<\/div>\n\t\t\t\t<\/div>\n\t\t\t\t\t<\/div>\n\t\t\t\t<\/div>\n\t\t<div class=\"elementor-element elementor-element-c0937ff e-flex e-con-boxed e-con e-parent\" data-id=\"c0937ff\" data-element_type=\"container\" data-e-type=\"container\">\n\t\t\t\t\t<div class=\"e-con-inner\">\n\t\t\t\t<div class=\"elementor-element elementor-element-b80f22e elementor-widget elementor-widget-spacer\" data-id=\"b80f22e\" data-element_type=\"widget\" data-e-type=\"widget\" data-widget_type=\"spacer.default\">\n\t\t\t\t\t\t\t<div class=\"elementor-spacer\">\n\t\t\t<div class=\"elementor-spacer-inner\"><\/div>\n\t\t<\/div>\n\t\t\t\t\t\t<\/div>\n\t\t\t\t\t<\/div>\n\t\t\t\t<\/div>\n\t\t<div class=\"elementor-element elementor-element-87790cc e-flex e-con-boxed e-con e-parent\" data-id=\"87790cc\" data-element_type=\"container\" data-e-type=\"container\">\n\t\t\t\t\t<div class=\"e-con-inner\">\n\t\t<div class=\"elementor-element elementor-element-2160fc3 e-con-full e-flex e-con e-child\" data-id=\"2160fc3\" data-element_type=\"container\" data-e-type=\"container\">\n\t\t\t\t<div class=\"elementor-element elementor-element-3d522f5 elementor-widget__width-initial elementor-widget elementor-widget-text-editor\" data-id=\"3d522f5\" data-element_type=\"widget\" data-e-type=\"widget\" data-widget_type=\"text-editor.default\">\n\t\t\t\t\t\t\t\t\t<p class=\"p1\"><span class=\"s1\">Z przyjemno\u015bci\u0105 informujemy, \u017ce Fundacja podpisa\u0142a umow\u0119 o dofinansowanie ze \u015brodk\u00f3w KPO na realizacj\u0119 projektu \u201eDywersyfikacja us\u0142ug oraz budowanie konkurencyjno\u015bci poprzez rozszerzenie dzia\u0142alno\u015bci Fundacji ARTE NOVUM z siedzib\u0105 w Sieciechowicach, woj. ma\u0142opolskie\u201d.<\/span><\/p><p class=\"p1\"><span class=\"s1\">Celem projektu jest zwi\u0119kszenie odporno\u015bci Fundacji Arte Novum przez uruchomienie nowych us\u0142ug konferencyjnych, cateringowych oraz us\u0142ugi kina w plenerze. Chcemy, \u017ceby nasza nowa oferta by\u0142a skierowana nie tylko do naszych obecnych, ale te\u017c nowych odbiorc\u00f3w.<\/span><\/p><p class=\"p1\"><span class=\"s1\">Warto\u015b\u0107 ca\u0142kowita przedsi\u0119wzi\u0119cia to 428\u00a0665,08 z\u0142, w tym dofinansowanie z UE to 313\u00a0657,35 z\u0142.<\/span><\/p>\t\t\t\t\t\t\t\t<\/div>\n\t\t\t\t<\/div>\n\t\t\t\t\t<\/div>\n\t\t\t\t<\/div>\n\t\t\t\t<\/div>\n\t\t","protected":false},"excerpt":{"rendered":"<p>Z przyjemno\u015bci\u0105 informujemy, \u017ce Fundacja podpisa\u0142a umow\u0119 o dofinansowanie ze \u015brodk\u00f3w KPO na realizacj\u0119 projektu \u201eDywersyfikacja us\u0142ug oraz budowanie konkurencyjno\u015bci poprzez rozszerzenie dzia\u0142alno\u015bci Fundacji ARTE NOVUM z siedzib\u0105 w Sieciechowicach, woj. ma\u0142opolskie\u201d. Celem projektu jest zwi\u0119kszenie odporno\u015bci Fundacji Arte Novum przez uruchomienie nowych us\u0142ug konferencyjnych, cateringowych oraz us\u0142ugi kina w plenerze. Chcemy, \u017ceby nasza nowa [&hellip;]<\/p>\n","protected":false},"author":1,"featured_media":0,"parent":0,"menu_order":0,"comment_status":"closed","ping_status":"closed","template":"","meta":{"footnotes":""},"class_list":["post-1178","page","type-page","status-publish","hentry"],"_links":{"self":[{"href":"https:\/\/artenovum.pl\/index.php\/wp-json\/wp\/v2\/pages\/1178","targetHints":{"allow":["GET"]}}],"collection":[{"href":"https:\/\/artenovum.pl\/index.php\/wp-json\/wp\/v2\/pages"}],"about":[{"href":"https:\/\/artenovum.pl\/index.php\/wp-json\/wp\/v2\/types\/page"}],"author":[{"embeddable":true,"href":"https:\/\/artenovum.pl\/index.php\/wp-json\/wp\/v2\/users\/1"}],"replies":[{"embeddable":true,"href":"https:\/\/artenovum.pl\/index.php\/wp-json\/wp\/v2\/comments?post=1178"}],"version-history":[{"count":10,"href":"https:\/\/artenovum.pl\/index.php\/wp-json\/wp\/v2\/pages\/1178\/revisions"}],"predecessor-version":[{"id":1197,"href":"https:\/\/artenovum.pl\/index.php\/wp-json\/wp\/v2\/pages\/1178\/revisions\/1197"}],"wp:attachment":[{"href":"https:\/\/artenovum.pl\/index.php\/wp-json\/wp\/v2\/media?parent=1178"}],"curies":[{"name":"wp","href":"https:\/\/api.w.org\/{rel}","templated":true}]}}